{"id":7,"date":"2016-10-17T11:03:20","date_gmt":"2016-10-17T11:03:20","guid":{"rendered":"https:\/\/wp.nkdev.info\/godlike\/?page_id=7"},"modified":"2025-09-20T21:09:48","modified_gmt":"2025-09-20T19:09:48","slug":"main","status":"publish","type":"page","link":"https:\/\/phyrfliez.de\/en\/","title":{"rendered":"Main Menu"},"content":{"rendered":"<div class=\"wpb-content-wrapper\"><div class=\"vc_row wpb_row vc_row-fluid vc_custom_1757871912989 vc_row-has-fill\"><div class=\"wpb_column vc_column_container vc_col-sm-12 vc_col-has-fill\"><div class=\"vc_column-inner vc_custom_1757758372716\"><div class=\"wpb_wrapper\"><div class=\"wpb_revslider_element wpb_content_element\">\n\t\t\t\t<p class=\"rs-p-wp-fix\"><\/p>\n\t\t\t\t<sr7-module data-alias=\"godlike-carousel1\" data-id=\"1\" id=\"SR7_1_1\" class=\"rs-ov-hidden\" data-version=\"6.7.34\">\n\t\t\t\t\t<sr7-adjuster><\/sr7-adjuster>\n\t\t\t\t\t<sr7-content>\n\t\t\t\t\t\t<sr7-carousel>\n\t\t\t\t\t\t<sr7-slide id=\"SR7_1_1-3\" data-key=\"3\">\n\t\t\t\t\t\t\t<sr7-bg id=\"SR7_1_1-3-1\" class=\"sr7-layer\"><noscript><img decoding=\"async\" src=\"https:\/\/phyrfliez.de\/wp-content\/uploads\/2025\/09\/Banner_CA.png\" alt=\"\" title=\"Banner_CA\"><\/noscript><\/sr7-bg>\n\t\t\t\t\t\t<\/sr7-slide>\n\t\t\t\t\t\t<sr7-slide id=\"SR7_1_1-2\" data-key=\"2\">\n\t\t\t\t\t\t\t<sr7-bg id=\"SR7_1_1-2-1\" class=\"sr7-layer\"><noscript><img decoding=\"async\" src=\"https:\/\/phyrfliez.de\/wp-content\/uploads\/2025\/09\/Banner_DT-1.png\" alt=\"\" title=\"Banner_DT\"><\/noscript><\/sr7-bg>\n\t\t\t\t\t\t<\/sr7-slide>\n\t\t\t\t\t\t<sr7-slide id=\"SR7_1_1-8\" data-key=\"8\">\n\t\t\t\t\t\t\t<sr7-bg id=\"SR7_1_1-8-1\" class=\"sr7-layer\"><noscript><img decoding=\"async\" src=\"https:\/\/phyrfliez.de\/wp-content\/uploads\/2025\/09\/Banner_FS-1.png\" alt=\"\" title=\"Banner_FS\"><\/noscript><\/sr7-bg>\n\t\t\t\t\t\t<\/sr7-slide>\n\t\t\t\t\t\t<sr7-slide id=\"SR7_1_1-1\" data-key=\"1\">\n\t\t\t\t\t\t\t<sr7-bg id=\"SR7_1_1-1-1\" class=\"sr7-layer\"><noscript><img decoding=\"async\" src=\"https:\/\/phyrfliez.de\/wp-content\/uploads\/2025\/09\/Banner_QT-1.png\" alt=\"\" title=\"Banner_QT\"><\/noscript><\/sr7-bg>\n\t\t\t\t\t\t<\/sr7-slide>\n\t\t\t\t\t\t<sr7-slide id=\"SR7_1_1-4\" data-key=\"4\">\n\t\t\t\t\t\t\t<sr7-bg id=\"SR7_1_1-4-1\" class=\"sr7-layer\"><noscript><img decoding=\"async\" src=\"https:\/\/phyrfliez.de\/wp-content\/uploads\/2025\/09\/Banner_SS.png\" alt=\"\" title=\"Banner_SS\"><\/noscript><\/sr7-bg>\n\t\t\t\t\t\t<\/sr7-slide>\n\t\t\t\t\t\t<sr7-slide id=\"SR7_1_1-6\" data-key=\"6\">\n\t\t\t\t\t\t<\/sr7-slide>\n\t\t\t\t\t\t<\/sr7-carousel>\n\t\t\t\t\t<\/sr7-content>\n\t\t\t\t\t<image_lists style=\"display:none\">\n\t\t\t\t\t\t<img data-src=\"\/\/phyrfliez.de\/wp-content\/uploads\/2025\/09\/Banner_QT-1.png\" data-libid=\"1888\" data-lib=\"medialibrary\" title=\"Banner_QT\" width=\"0\" height=\"0\" data-dbsrc=\"Ly9waHlyZmxpZXouZGUvd3AtY29udGVudC91cGxvYWRzLzIwMjUvMDkvQmFubmVyX1FULTEucG5n\"\/>\n\t\t\t\t\t\t<img data-src=\"\/\/phyrfliez.de\/wp-content\/uploads\/2025\/09\/Banner_DT-1.png\" data-libid=\"1885\" data-lib=\"medialibrary\" title=\"Banner_DT\" width=\"0\" height=\"0\" data-dbsrc=\"Ly9waHlyZmxpZXouZGUvd3AtY29udGVudC91cGxvYWRzLzIwMjUvMDkvQmFubmVyX0RULTEucG5n\"\/>\n\t\t\t\t\t\t<img data-src=\"\/\/phyrfliez.de\/wp-content\/uploads\/2025\/09\/Banner_CA.png\" data-libid=\"1887\" data-lib=\"medialibrary\" title=\"Banner_CA\" width=\"0\" height=\"0\" data-dbsrc=\"Ly9waHlyZmxpZXouZGUvd3AtY29udGVudC91cGxvYWRzLzIwMjUvMDkvQmFubmVyX0NBLnBuZw==\"\/>\n\t\t\t\t\t\t<img data-src=\"\/\/phyrfliez.de\/wp-content\/uploads\/2025\/09\/Banner_SS.png\" data-libid=\"1889\" data-lib=\"medialibrary\" title=\"Banner_SS\" width=\"0\" height=\"0\" data-dbsrc=\"Ly9waHlyZmxpZXouZGUvd3AtY29udGVudC91cGxvYWRzLzIwMjUvMDkvQmFubmVyX1NTLnBuZw==\"\/>\n\t\t\t\t\t\t<img data-src=\"\/\/phyrfliez.de\/wp-content\/uploads\/2025\/09\/Banner_FS-1.png\" data-libid=\"1886\" data-lib=\"medialibrary\" title=\"Banner_FS\" width=\"0\" height=\"0\" data-dbsrc=\"Ly9waHlyZmxpZXouZGUvd3AtY29udGVudC91cGxvYWRzLzIwMjUvMDkvQmFubmVyX0ZTLTEucG5n\"\/>\n\t\t\t\t\t<\/image_lists>\n\t\t\t\t<\/sr7-module>\n\t\t\t\t<script>\n\t\t\t\t\tSR7.PMH ??={}; SR7.PMH[\"SR7_1_1\"] = {cn:100,state:false,fn: function() { if (_tpt!==undefined && _tpt.prepareModuleHeight !== undefined) {  _tpt.prepareModuleHeight({id:\"SR7_1_1\",el:[350,350,400,320,280],type:'carousel',shdw:'0',gh:[350,350,300,250,200],gw:[800,800,600,400,320],vpt:['-100px&#039;,&#039;-100px&#039;,&#039;-100px&#039;,&#039;-100px&#039;,&#039;-100px'],size:{fullWidth:true, fullHeight:false},mh:'0',onh:0,onw:0,bg:{color:'{\"type\":\"solid\",\"orig\":\"rgba(14, 14, 14, 0)\",\"string\":\"rgba(14, 14, 14, 0)\"}'},carousel:{pt:'0',pb:'0'},plType:'-1',plColor:'#FFFFFF'});   SR7.PMH[\"SR7_1_1\"].state=true;} else if(SR7.PMH[\"SR7_1_1\"].cn-->0)\tsetTimeout( SR7.PMH[\"SR7_1_1\"].fn,19);}};SR7.PMH[\"SR7_1_1\" ].fn();\n\t\t\t\t<\/script>\n<\/div><\/div><\/div><\/div><\/div><div class=\"vc_row wpb_row vc_row-fluid vc_custom_1757706595134 vc_column-gap-30\"><div class=\"wpb_column vc_column_container vc_col-sm-1\/5\"><div class=\"vc_column-inner\"><div class=\"wpb_wrapper\"><div class=\"nk-box  vc_custom_1758181778951\" ><div class=\"nk-ibox\"><div class=\"nk-ibox-icon\"><span class=\"ion-ios-game-controller-b\"><\/span><\/div><div class=\"nk-ibox-cont\"><h2 class=\"nk-ibox-title\">Our Game World<\/h2><a href=\"\/en\/spiele\/\">One click takes you straight to the overview of all our games.<\/a><\/div><\/div><\/div><\/div><\/div><\/div><div class=\"wpb_column vc_column_container vc_col-sm-1\/5\"><div class=\"vc_column-inner\"><div class=\"wpb_wrapper\"><div class=\"nk-box  vc_custom_1758185132043\" ><div class=\"nk-ibox\"><div class=\"nk-ibox-icon\"><span class=\"fa fa-solid fa-music\"><\/span><\/div><div class=\"nk-ibox-cont\"><h2 class=\"nk-ibox-title\">Our Music Tracks<\/h2><a href=\"\/en\/musik\/\" rel=\"noopener\">In the mood for something to treat your ears? Then click here!<\/a><\/div><\/div><\/div><\/div><\/div><\/div><div class=\"wpb_column vc_column_container vc_col-sm-1\/5\"><div class=\"vc_column-inner\"><div class=\"wpb_wrapper\"><div class=\"nk-box  vc_custom_1757758049904\" ><div class=\"nk-ibox\"><div class=\"nk-ibox-icon\"><span class=\"fa fa-solid fa-bug\"><\/span><\/div><div class=\"nk-ibox-cont\"><h2 class=\"nk-ibox-title\">Want some graphics?<\/h2><a href=\"https:\/\/rasak.itch.io\/\" target=\"_blank\" rel=\"noopener\">Free graphics are waiting for you in Rasak\u2019s Pixel Hell!<\/a><\/p>\n<p><\/div><\/div><\/div><\/div><\/div><\/div><div class=\"wpb_column vc_column_container vc_col-sm-1\/5\"><div class=\"vc_column-inner\"><div class=\"wpb_wrapper\"><div class=\"nk-box  vc_custom_1757758028378\" ><div class=\"nk-ibox\"><div class=\"nk-ibox-icon\"><span class=\"fa fa-solid fa-download\"><\/span><\/div><div class=\"nk-ibox-cont\"><h2 class=\"nk-ibox-title\">Need some plugins?<\/h2><a href=\"https:\/\/firemaster640.itch.io\/\">Firemaster640 provides you with a wide variety of plugins \u2013 all for free.<\/a><\/div><\/div><\/div><\/div><\/div><\/div><div class=\"wpb_column vc_column_container vc_col-sm-1\/5\"><div class=\"vc_column-inner\"><div class=\"wpb_wrapper\"><div class=\"nk-box  vc_custom_1757706683741\" ><div class=\"nk-ibox\"><div class=\"nk-ibox-icon\"><span class=\"ion-help-buoy\"><\/span><\/div><div class=\"nk-ibox-cont\"><h2 class=\"nk-ibox-title\">Looking for help?<\/h2><a href=\"\/en\/forums\/\">Having trouble with one of our games? Feel free to contact us anytime.<\/a><\/p>\n<p><\/div><\/div><\/div><\/div><\/div><\/div><\/div><div class=\"vc_row wpb_row vc_row-fluid\"><div class=\"wpb_column vc_column_container vc_col-sm-12 vc_col-md-offset-2 vc_col-md-8\"><div class=\"vc_column-inner\"><div class=\"wpb_wrapper\"><div class=\"nk-video-gallery nk-video-gallery-2-col nk-isotope\"><div class=\"nk-gallery-item-box nk-isotope-item\" ><div class=\"nk-plain-video\" data-video=\"https:\/\/www.youtube.com\/watch?v=yz6oYiRS7yU\" data-video-thumb=\"https:\/\/phyrfliez.de\/wp-content\/uploads\/0204\/12\/Banner_DT-800x450.png\"><\/div><\/div><div class=\"nk-gallery-item-box nk-isotope-item\" ><div class=\"nk-plain-video\" data-video=\"https:\/\/www.youtube.com\/watch?v=cBD_mI7okLg\" data-video-thumb=\"https:\/\/phyrfliez.de\/wp-content\/uploads\/2025\/09\/Trailer-Thumb-800x450.jpg\"><\/div><\/div><\/div><h2  class='nk-title text-center'>Official Trailers<\/h2><\/div><\/div><\/div><\/div><div data-vc-full-width=\"true\" data-vc-full-width-temp=\"true\" data-vc-full-width-init=\"false\" data-vc-stretch-content=\"true\" class=\"vc_row wpb_row vc_row-fluid vc_custom_1757758447321 vc_row-has-fill vc_row-no-padding\"><div class=\"wpb_column vc_column_container vc_col-sm-12\"><div class=\"vc_column-inner\"><div class=\"wpb_wrapper\"><div class=\"nk-carousel-2 vc_custom_1757965321386\" data-autoplay=\"12000\" data-dots=\"true\" data-size=\"1\">\n                   <div class=\"nk-carousel-inner\"><div><div class=\"Grundfarbe als Variable optional  root  --fade-bg 141414   0e0e0e   Falls es KEIN Carousel ist oben amp unten weicher Auslauf  team-fade  position relative overflow hidden  team-fadebefore team-fadeafter  content  position absolute left 0 right 0 height 90px  krzerlnger  mehrweniger Fade  pointer-events none z-index 3   oben  team-fadebefore  top 0 background linear-gradient to bottom rgbavar--fade-bg 1 0 rgbavar--fade-bg 0 100    unten  team-fadeafter  bottom 0 background linear-gradient to top rgbavar--fade-bg 1 0 rgbavar--fade-bg 0 100    Wenn es ein Carousel meist Owl ist linksrechts weich ausblenden  team-fade owl-stage-outer  position relative overflow visible  team-fade owl-stage-outerbefore team-fade owl-stage-outerafter  content  position absolute top 0 height 100 width 120px  Breite des Seiten-Fades  pointer-events none z-index 5  team-fade owl-stage-outerbefore  left 0 background linear-gradient to right rgbavar--fade-bg 1 0 rgbavar--fade-bg 0 100   team-fade owl-stage-outerafter  right 0 background linear-gradient to left rgbavar--fade-bg 1 0 rgbavar--fade-bg 0 100    alternative feinere kurze bergangszone mehr Details weniger Hhe  team-fadebefore  background linear-gradient to bottom rgbavar--fade-bg 1 0 rgbavar--fade-bg 9 35 rgbavar--fade-bg 6 65 rgbavar--fade-bg 0 100   team-fadeafter  background linear-gradient to top rgbavar--fade-bg 1 0 rgbavar--fade-bg 9 35 rgbavar--fade-bg 6 65 rgbavar--fade-bg 0 100\"><blockquote class=\"nk-testimonial-2 vc_custom_1758180346467\" ><div class=\"nk-testimonial-photo\" style=\"background-image: url('https:\/\/phyrfliez.de\/wp-content\/uploads\/2025\/09\/Ava_Schaf.png');\"><\/div><div class=\"nk-testimonial-body\"><p><em>\"Girl for everything!\"<\/em><\/p>\n<\/div><div class=\"nk-testimonial-name h4\">DasSchaf<\/div><div class=\"nk-testimonial-source\">Bob the Builder<\/div><\/blockquote><\/div><\/div><div><div class=\"vc_custom_1757965380186\"><blockquote class=\"nk-testimonial-2 vc_custom_1758180362172\" ><div class=\"nk-testimonial-photo\" style=\"background-image: url('https:\/\/phyrfliez.de\/wp-content\/uploads\/2025\/09\/Ava_Chito.png');\"><\/div><div class=\"nk-testimonial-body\"><p><em>\"Every little helps!\"<\/em><\/p>\n<\/div><div class=\"nk-testimonial-name h4\">Chito<\/div><div class=\"nk-testimonial-source\">Story Writing, Level Design<\/div><\/blockquote><\/div><\/div><div><div class=\"vc_custom_1757965388376\"><blockquote class=\"nk-testimonial-2 vc_custom_1758185547278\" ><div class=\"nk-testimonial-photo\" style=\"background-image: url('https:\/\/phyrfliez.de\/wp-content\/uploads\/2025\/09\/Ava_Agenty.png');\"><\/div><div class=\"nk-testimonial-body\"><p>\"Gets impossible tasks and still makes them happen!\"<\/p>\n<\/div><div class=\"nk-testimonial-name h4\">Agenty<\/div><div class=\"nk-testimonial-source\">Programmer, Sound Designer<\/div><\/blockquote><\/div><\/div><div><div class=\"vc_custom_1757965394294\"><blockquote class=\"nk-testimonial-2 vc_custom_1757965467195\" ><div class=\"nk-testimonial-photo\" style=\"background-image: url('https:\/\/phyrfliez.de\/wp-content\/uploads\/2025\/09\/Ava_Rasak.png');\"><\/div><div class=\"nk-testimonial-body\"><p>&#8222;<span class=\"hiddenSpellError\">Keeps pixeling<\/span>until the color cartridges in GIMP run dry.\u201d<\/p>\n<\/div><div class=\"nk-testimonial-name h4\">Rasak<\/div><div class=\"nk-testimonial-source\">Artist, Animator<\/div><\/blockquote><\/div><\/div><div><div class=\"vc_custom_1757965404991\"><blockquote class=\"nk-testimonial-2 vc_custom_1757965471952\" ><div class=\"nk-testimonial-photo\" style=\"background-image: url('https:\/\/phyrfliez.de\/wp-content\/uploads\/2025\/09\/Ava_Firemaster.png');\"><\/div><div class=\"nk-testimonial-body\"><p>\u201cCodes entire MMOs in RPG Maker MV!\u201d<\/p>\n<\/div><div class=\"nk-testimonial-name h4\">Firemaster640<\/div><div class=\"nk-testimonial-source\">Programmer<\/div><\/blockquote><\/div><\/div><\/div>\n                <\/div><\/div><\/div><\/div><\/div><div class=\"vc_row-full-width vc_clearfix\"><\/div><div class=\"vc_row wpb_row vc_row-fluid\"><div class=\"wpb_column vc_column_container vc_col-sm-12 vc_col-lg-offset-3 vc_col-lg-6 vc_col-md-offset-2 vc_col-md-8 vc_col-has-fill\"><div class=\"vc_column-inner vc_custom_1757758250046\"><div class=\"wpb_wrapper\"><h1  class='h1 text-center vc_custom_1757707527150'>Up for a pen pal?<\/h1>\n\t<div class=\"wpb_text_column wpb_content_element vc_custom_1757706536878\" >\n\t\t<div class=\"wpb_wrapper\">\n\t\t\t<script>(function() {\n\twindow.mc4wp = window.mc4wp || {\n\t\tlisteners: [],\n\t\tforms: {\n\t\t\ton: function(evt, cb) {\n\t\t\t\twindow.mc4wp.listeners.push(\n\t\t\t\t\t{\n\t\t\t\t\t\tevent   : evt,\n\t\t\t\t\t\tcallback: cb\n\t\t\t\t\t}\n\t\t\t\t);\n\t\t\t}\n\t\t}\n\t}\n})();\n<\/script><!-- Mailchimp for WordPress v4.10.7 - https:\/\/wordpress.org\/plugins\/mailchimp-for-wp\/ --><form id=\"mc4wp-form-1\" class=\"mc4wp-form mc4wp-form-180\" method=\"post\" data-id=\"180\" data-name=\"Want WordPress Theme?\" action=\"\" ><div class=\"mc4wp-form-fields\"><div class=\"input-group\">\r\n  <input type=\"email\" value=\"\" name=\"EMAIL\" class=\"required email form-control\" placeholder=\"Email *\" required>\r\n  <button class=\"nk-btn nk-btn-lg link-effect-4\">Sign up<\/button>                     \r\n<\/div>\r\n<br>\r\n<small style=\"font-size:1.3rem; display:block; text-align:center;\">\r\n  No spam! We\u2019ll only reach out when a new game is released.\r\n<\/small>\r\n       \r\n                   <\/div><label style=\"display: none !important;\">Leave this field empty if you're human: <input type=\"text\" name=\"_mc4wp_honeypot\" value=\"\" tabindex=\"-1\" autocomplete=\"off\" \/><\/label><input type=\"hidden\" name=\"_mc4wp_timestamp\" value=\"1776466654\" \/><input type=\"hidden\" name=\"_mc4wp_form_id\" value=\"180\" \/><input type=\"hidden\" name=\"_mc4wp_form_element_id\" value=\"mc4wp-form-1\" \/><div class=\"mc4wp-response\"><\/div><input type=\"hidden\" name=\"trp-form-language\" value=\"en\"\/><\/form><!-- \/ Mailchimp for WordPress Plugin -->\n\n\t\t<\/div>\n\t<\/div>\n<\/div><\/div><\/div><\/div><div class=\"nk-awb  nk-awb-after-vc_row\" ><div class=\"nk-awb-wrap\" data-awb-type=\"color\" data-awb-stretch=\"true\" data-awb-image-background-size=\"cover\" data-awb-image-background-position=\"50% 50%\"><div class=\"nk-awb-overlay\" style=\"background-color: #0e0e0e;\"><\/div><div  class=\"nk-awb-inner\"><\/div><\/div><\/div>\n<\/div>","protected":false},"excerpt":{"rendered":"Unsere SpieleweltHier gehts mit einem Klick direkt in die \u00dcbersicht all unserer Spiele.Unsere Musikst\u00fcckeLust auf ein bisschen was f\u00fcr deine Ohren? Dann klick hier!Grafiken gef\u00e4llig?In Rasaks Pixelh\u00f6lle warten kostenlose Grafiken auf dich! Plugins gef\u00e4llig?Firemaster640 stellt euch eine Vielzahl an Plugins kostenlos bereit.Brauchst du Hilfe?Probleme mit einem unserer Spiele? Kontaktiere uns gern jeder Zeit. Offizielle Trailer [...]","protected":false},"author":1,"featured_media":44,"parent":0,"menu_order":0,"comment_status":"closed","ping_status":"closed","template":"","meta":{"_acf_changed":false,"_bbp_topic_count":0,"_bbp_reply_count":0,"_bbp_total_topic_count":0,"_bbp_total_reply_count":0,"_bbp_voice_count":0,"_bbp_anonymous_reply_count":0,"_bbp_topic_count_hidden":0,"_bbp_reply_count_hidden":0,"_bbp_forum_subforum_count":0,"footnotes":""},"class_list":["post-7","page","type-page","status-publish","has-post-thumbnail","hentry"],"acf":[],"_links":{"self":[{"href":"https:\/\/phyrfliez.de\/en\/wp-json\/wp\/v2\/pages\/7","targetHints":{"allow":["GET"]}}],"collection":[{"href":"https:\/\/phyrfliez.de\/en\/wp-json\/wp\/v2\/pages"}],"about":[{"href":"https:\/\/phyrfliez.de\/en\/wp-json\/wp\/v2\/types\/page"}],"author":[{"embeddable":true,"href":"https:\/\/phyrfliez.de\/en\/wp-json\/wp\/v2\/users\/1"}],"replies":[{"embeddable":true,"href":"https:\/\/phyrfliez.de\/en\/wp-json\/wp\/v2\/comments?post=7"}],"version-history":[{"count":83,"href":"https:\/\/phyrfliez.de\/en\/wp-json\/wp\/v2\/pages\/7\/revisions"}],"predecessor-version":[{"id":2809,"href":"https:\/\/phyrfliez.de\/en\/wp-json\/wp\/v2\/pages\/7\/revisions\/2809"}],"wp:featuredmedia":[{"embeddable":true,"href":"https:\/\/phyrfliez.de\/en\/wp-json\/wp\/v2\/media\/44"}],"wp:attachment":[{"href":"https:\/\/phyrfliez.de\/en\/wp-json\/wp\/v2\/media?parent=7"}],"curies":[{"name":"wp","href":"https:\/\/api.w.org\/{rel}","templated":true}]}}