{"id":2371,"date":"2025-09-14T16:35:19","date_gmt":"2025-09-14T14:35:19","guid":{"rendered":"https:\/\/test.phyrfliez.de\/?page_id=2371"},"modified":"2025-09-18T10:00:42","modified_gmt":"2025-09-18T08:00:42","slug":"ricki","status":"publish","type":"page","link":"https:\/\/phyrfliez.de\/en\/spiele\/superstein\/ricki\/","title":{"rendered":"Ricki"},"content":{"rendered":"<div class=\"wpb-content-wrapper\"><div class=\"vc_row wpb_row vc_row-fluid\"><div class=\"wpb_column vc_column_container vc_col-sm-12\"><div class=\"vc_column-inner\"><div class=\"wpb_wrapper\"><h2  class='text-left'> Character Sheet <\/h2><\/div><\/div><\/div><\/div><div class=\"vc_row wpb_row vc_row-fluid\"><div class=\"wpb_column vc_column_container vc_col-sm-6\"><div class=\"vc_column-inner\"><div class=\"wpb_wrapper\">\n\t<div  class=\"wpb_single_image wpb_content_element vc_align_left wpb_content_element\">\n\t\t\n\t\t<figure class=\"wpb_wrapper vc_figure\">\n\t\t\t<div class=\"vc_single_image-wrapper   vc_box_border_grey\"><img decoding=\"async\" class=\"vc_single_image-img\" src=\"https:\/\/phyrfliez.de\/wp-content\/uploads\/2025\/09\/Char_Ricki-1-334x472.png\" width=\"334\" height=\"472\" alt=\"Char_Ricki\" title=\"Char_Ricki\" loading=\"lazy\" \/><\/div>\n\t\t<\/figure>\n\t<\/div>\n<\/div><\/div><\/div><div class=\"wpb_column vc_column_container vc_col-sm-6\"><div class=\"vc_column-inner\"><div class=\"wpb_wrapper\"><div class=\"vc_empty_space\"   style=\"height: 64px\"><span class=\"vc_empty_space_inner\"><\/span><\/div><div class=\"\" ><p class=\"has-medium-font-size\"><strong>Name:<\/strong> Ricki<br \/>\n<strong>Gender: <\/strong>male<br \/>\n<strong>Age <\/strong> 57<br \/>\n<strong>Race:<\/strong> human<br \/>\n<strong>Appearance:<\/strong> about 183 cm tall, gray hair, always sharply dressed<br \/>\n<strong>Personality:<\/strong> loyal, short-tempered, very serious, conscientious<br \/>\n<strong>Strengths:<\/strong> axe fighting, hand-to-hand combat, crafting skills<br \/>\n<strong>Weaknesses:<\/strong> bad jokes, compassion<br \/>\n<strong>Fears\/Phobias:<\/strong> unknown<br \/>\n<strong>Religion\/Beliefs:<\/strong> Rodan<\/p>\n<p class=\"has-medium-font-size\"><strong>Appears in:<\/strong> <a href=\"\/en\/spiele\/superstein\/\">Superstein<\/a><\/p>\n<\/div><\/div><\/div><\/div><\/div><div class=\"vc_row wpb_row vc_row-fluid\"><div class=\"wpb_column vc_column_container vc_col-sm-12\"><div class=\"vc_column-inner\"><div class=\"wpb_wrapper\"><div class=\"\" ><p class=\"has-medium-font-size\"><strong>Backstory:<\/strong> Even as a child, Ricki was fascinated by wood. Whether tools or entire buildings, he built anything that came under his hammer. At a young age, he joined the bandits, who, before Goroja\u2019s war, mostly lived in the forests. There he was able to deepen and refine his passion for building. Beyond his craftsmanship, Ricki was known as one of the strongest axe fighters of his bastion, leading an army in Superstein\u2019s name into battle against Goroja and his demons.<\/p>\n<\/div><\/div><\/div><\/div><\/div>\n<\/div>","protected":false},"excerpt":{"rendered":"Charakterbogen Name: Ricki Geschlecht: m\u00e4nnlich Alter: 57 Rasse: Mensch Aussehen: ca. 183 cm gro\u00df, graues Haar, stets schick gekleidet Pers\u00f6nlichkeit: loyal, leicht reizbar, sehr ernst, gewissenhaft St\u00e4rken: Axtkampf, Faustkampf, Handwerkstalente Schw\u00e4chen: schlechte Witze, N\u00e4chstenliebe \u00c4ngste\/Phobien: unbekannt Religion\/Glaube: Rodan Spielt mit in: Superstein Vorgeschichte: Bereits als Kind begeisterte Ricki sich schon f\u00fcr Holz. Egal ob Werkzeuge [...]","protected":false},"author":1,"featured_media":0,"parent":2345,"menu_order":0,"comment_status":"closed","ping_status":"closed","template":"","meta":{"_acf_changed":false,"_bbp_topic_count":0,"_bbp_reply_count":0,"_bbp_total_topic_count":0,"_bbp_total_reply_count":0,"_bbp_voice_count":0,"_bbp_anonymous_reply_count":0,"_bbp_topic_count_hidden":0,"_bbp_reply_count_hidden":0,"_bbp_forum_subforum_count":0,"footnotes":""},"class_list":["post-2371","page","type-page","status-publish","hentry"],"acf":[],"_links":{"self":[{"href":"https:\/\/phyrfliez.de\/en\/wp-json\/wp\/v2\/pages\/2371","targetHints":{"allow":["GET"]}}],"collection":[{"href":"https:\/\/phyrfliez.de\/en\/wp-json\/wp\/v2\/pages"}],"about":[{"href":"https:\/\/phyrfliez.de\/en\/wp-json\/wp\/v2\/types\/page"}],"author":[{"embeddable":true,"href":"https:\/\/phyrfliez.de\/en\/wp-json\/wp\/v2\/users\/1"}],"replies":[{"embeddable":true,"href":"https:\/\/phyrfliez.de\/en\/wp-json\/wp\/v2\/comments?post=2371"}],"version-history":[{"count":4,"href":"https:\/\/phyrfliez.de\/en\/wp-json\/wp\/v2\/pages\/2371\/revisions"}],"predecessor-version":[{"id":2742,"href":"https:\/\/phyrfliez.de\/en\/wp-json\/wp\/v2\/pages\/2371\/revisions\/2742"}],"up":[{"embeddable":true,"href":"https:\/\/phyrfliez.de\/en\/wp-json\/wp\/v2\/pages\/2345"}],"wp:attachment":[{"href":"https:\/\/phyrfliez.de\/en\/wp-json\/wp\/v2\/media?parent=2371"}],"curies":[{"name":"wp","href":"https:\/\/api.w.org\/{rel}","templated":true}]}}