{"id":2367,"date":"2025-09-14T16:34:11","date_gmt":"2025-09-14T14:34:11","guid":{"rendered":"https:\/\/test.phyrfliez.de\/?page_id=2367"},"modified":"2025-09-18T10:00:15","modified_gmt":"2025-09-18T08:00:15","slug":"emil","status":"publish","type":"page","link":"https:\/\/phyrfliez.de\/en\/spiele\/superstein\/emil\/","title":{"rendered":"Emil"},"content":{"rendered":"<div class=\"wpb-content-wrapper\"><div class=\"vc_row wpb_row vc_row-fluid\"><div class=\"wpb_column vc_column_container vc_col-sm-12\"><div class=\"vc_column-inner\"><div class=\"wpb_wrapper\"><h2  class='text-left'> Character Sheet <\/h2><\/div><\/div><\/div><\/div><div class=\"vc_row wpb_row vc_row-fluid\"><div class=\"wpb_column vc_column_container vc_col-sm-6\"><div class=\"vc_column-inner\"><div class=\"wpb_wrapper\">\n\t<div  class=\"wpb_single_image wpb_content_element vc_align_left wpb_content_element\">\n\t\t\n\t\t<figure class=\"wpb_wrapper vc_figure\">\n\t\t\t<div class=\"vc_single_image-wrapper   vc_box_border_grey\"><img decoding=\"async\" class=\"vc_single_image-img\" src=\"https:\/\/phyrfliez.de\/wp-content\/uploads\/2025\/09\/Char_Emil-1-334x472.png\" width=\"334\" height=\"472\" alt=\"Char_Emil\" title=\"Char_Emil\" loading=\"lazy\" \/><\/div>\n\t\t<\/figure>\n\t<\/div>\n<\/div><\/div><\/div><div class=\"wpb_column vc_column_container vc_col-sm-6\"><div class=\"vc_column-inner\"><div class=\"wpb_wrapper\"><div class=\"vc_empty_space\"   style=\"height: 64px\"><span class=\"vc_empty_space_inner\"><\/span><\/div><div class=\"\" ><p class=\"has-medium-font-size\"><strong>Name:<\/strong> Emil<br \/>\n<strong>Gender: <\/strong>male<br \/>\n<strong>Age<\/strong> 25<br \/>\n<strong>Race:<\/strong> human<br \/>\n<strong>Appearance:<\/strong> about 178 cm tall, dark blond hair<br \/>\n<strong>Personality:<\/strong> extremely loyal, humorous, always friendly<br \/>\n<strong>Strengths:<\/strong> swordsmanship, cooking<br \/>\n<strong>Weaknesses:<\/strong> assertiveness, ice magic<br \/>\n<strong>Fears\/Phobias:<\/strong> the downfall of humanity<br \/>\n<strong>Religion\/Beliefs:<\/strong> Rodan<\/p>\n<p class=\"has-medium-font-size\"><strong>Appears in:<\/strong> <a href=\"\/en\/spiele\/superstein\/\">Superstein<\/a><\/p>\n<\/div><\/div><\/div><\/div><\/div><div class=\"vc_row wpb_row vc_row-fluid\"><div class=\"wpb_column vc_column_container vc_col-sm-12\"><div class=\"vc_column-inner\"><div class=\"wpb_wrapper\"><div class=\"\" ><p class=\"has-medium-font-size\"><strong>Backstory:<\/strong> There\u2019s nothing like a fine, sharp sword, right? At least for Emil, it\u2019s always been that way. His whole life has revolved around swordsmanship. As a child, armed with nothing but a wooden sword, he would head into the forest and hunt wild boars to feed his family.\n\nAt 14, he decided to join the king\u2019s guard. There he completed basic training and eventually rose to the rank of officer. However, at the age of 22, he was suspended from service for a year due to insubordination, returning afterward as a regular soldier in the guard. He had simply refused to suppress a peasant uprising.<\/p>\n<\/div><\/div><\/div><\/div><\/div>\n<\/div>","protected":false},"excerpt":{"rendered":"Charakterbogen Name: Emil Geschlecht: m\u00e4nnlich Alter: 25 Rasse: Mensch Aussehen: ca. 178 cm gro\u00df, dunkelblondes Haar Pers\u00f6nlichkeit: \u00e4u\u00dferst loyal, humorvoll, stets freundlich St\u00e4rken: Schwertkampf, kochen Schw\u00e4chen: Durchsetzungsverm\u00f6gen, Eismagie \u00c4ngste\/Phobien: Zerfall der Menschheit Religion\/Glaube: Rodan Spielt mit in: Superstein Vorgeschichte: Es geht doch nichts \u00fcber ein sch\u00f6nes, scharfes Schwert, oder? Zumindest f\u00fcr Emil war es schon [...]","protected":false},"author":1,"featured_media":0,"parent":2345,"menu_order":0,"comment_status":"closed","ping_status":"closed","template":"","meta":{"_acf_changed":false,"_bbp_topic_count":0,"_bbp_reply_count":0,"_bbp_total_topic_count":0,"_bbp_total_reply_count":0,"_bbp_voice_count":0,"_bbp_anonymous_reply_count":0,"_bbp_topic_count_hidden":0,"_bbp_reply_count_hidden":0,"_bbp_forum_subforum_count":0,"footnotes":""},"class_list":["post-2367","page","type-page","status-publish","hentry"],"acf":[],"_links":{"self":[{"href":"https:\/\/phyrfliez.de\/en\/wp-json\/wp\/v2\/pages\/2367","targetHints":{"allow":["GET"]}}],"collection":[{"href":"https:\/\/phyrfliez.de\/en\/wp-json\/wp\/v2\/pages"}],"about":[{"href":"https:\/\/phyrfliez.de\/en\/wp-json\/wp\/v2\/types\/page"}],"author":[{"embeddable":true,"href":"https:\/\/phyrfliez.de\/en\/wp-json\/wp\/v2\/users\/1"}],"replies":[{"embeddable":true,"href":"https:\/\/phyrfliez.de\/en\/wp-json\/wp\/v2\/comments?post=2367"}],"version-history":[{"count":4,"href":"https:\/\/phyrfliez.de\/en\/wp-json\/wp\/v2\/pages\/2367\/revisions"}],"predecessor-version":[{"id":2741,"href":"https:\/\/phyrfliez.de\/en\/wp-json\/wp\/v2\/pages\/2367\/revisions\/2741"}],"up":[{"embeddable":true,"href":"https:\/\/phyrfliez.de\/en\/wp-json\/wp\/v2\/pages\/2345"}],"wp:attachment":[{"href":"https:\/\/phyrfliez.de\/en\/wp-json\/wp\/v2\/media?parent=2367"}],"curies":[{"name":"wp","href":"https:\/\/api.w.org\/{rel}","templated":true}]}}