{"id":2363,"date":"2025-09-14T16:32:57","date_gmt":"2025-09-14T14:32:57","guid":{"rendered":"https:\/\/test.phyrfliez.de\/?page_id=2363"},"modified":"2025-09-18T10:01:04","modified_gmt":"2025-09-18T08:01:04","slug":"lillith","status":"publish","type":"page","link":"https:\/\/phyrfliez.de\/en\/spiele\/superstein\/lillith\/","title":{"rendered":"Lillith"},"content":{"rendered":"<div class=\"wpb-content-wrapper\"><div class=\"vc_row wpb_row vc_row-fluid\"><div class=\"wpb_column vc_column_container vc_col-sm-12\"><div class=\"vc_column-inner\"><div class=\"wpb_wrapper\"><h2  class='text-left'> Character Sheet <\/h2><\/div><\/div><\/div><\/div><div class=\"vc_row wpb_row vc_row-fluid\"><div class=\"wpb_column vc_column_container vc_col-sm-6\"><div class=\"vc_column-inner\"><div class=\"wpb_wrapper\">\n\t<div  class=\"wpb_single_image wpb_content_element vc_align_left wpb_content_element\">\n\t\t\n\t\t<figure class=\"wpb_wrapper vc_figure\">\n\t\t\t<div class=\"vc_single_image-wrapper   vc_box_border_grey\"><img decoding=\"async\" class=\"vc_single_image-img\" src=\"https:\/\/phyrfliez.de\/wp-content\/uploads\/2025\/09\/Char_Lilith-1-334x472.png\" width=\"334\" height=\"472\" alt=\"Char_Lilith\" title=\"Char_Lilith\" loading=\"lazy\" \/><\/div>\n\t\t<\/figure>\n\t<\/div>\n<\/div><\/div><\/div><div class=\"wpb_column vc_column_container vc_col-sm-6\"><div class=\"vc_column-inner\"><div class=\"wpb_wrapper\"><div class=\"vc_empty_space\"   style=\"height: 64px\"><span class=\"vc_empty_space_inner\"><\/span><\/div><div class=\"\" ><p class=\"has-medium-font-size\"><strong>Name:<\/strong> Lillith<br \/>\n<strong>Gender: <\/strong>female<br \/>\n<strong>Age<\/strong> 16<br \/>\n<strong>Race:<\/strong> human<br \/>\n<strong>Appearance:<\/strong> about 159 cm tall, orange hair, fond of wearing pink<br \/>\n<strong>Personality:<\/strong> chaotic, kleptomaniac tendencies, fond of animals<br \/>\n<strong>Strengths:<\/strong> pickpocketing, lockpicking, assassinations<br \/>\n<strong>Weaknesses:<\/strong> fighting, human interaction<br \/>\n<strong>Fears\/Phobias:<\/strong> loneliness<br \/>\n<strong>Religion\/Beliefs:<\/strong> Rodan<\/p>\n<p class=\"has-medium-font-size\"><strong>Appears in:<\/strong> <a href=\"\/en\/spiele\/superstein\/\">Superstein<\/a><\/p>\n<\/div><\/div><\/div><\/div><\/div><div class=\"vc_row wpb_row vc_row-fluid\"><div class=\"wpb_column vc_column_container vc_col-sm-12\"><div class=\"vc_column-inner\"><div class=\"wpb_wrapper\"><div class=\"\" ><p class=\"has-medium-font-size\"><strong>Backstory:<\/strong> A full stomach, something good to drink, a cozy blanket, or even a roof over her head\u2014these were things Lillith could hardly imagine for most of her life. Her parents were homeless and addicted to alcohol. When they realized they could exploit their daughter to tug even more scraps from people\u2019s pockets through pity, Lillith spent most of her days begging and stealing to survive.\n\nAt the age of eleven, she returned empty-handed from a routine thieving run. Her parents, enraged, attacked her with two axes and disowned her. From that moment on, she had to fend for herself. Most days were spent honing her thieving talents or practicing sleight of hand tricks, scraping by any way she could.<\/p>\n<\/div><\/div><\/div><\/div><\/div>\n<\/div>","protected":false},"excerpt":{"rendered":"Charakterbogen Name: Lillith Geschlecht: weiblich Alter: 16 Rasse: Mensch Aussehen: ca. 159 cm gro\u00df, orangenes Haar, tr\u00e4gt gerne pink Pers\u00f6nlichkeit: chaotisch, kleptomanisch veranlagt, tierlieb St\u00e4rken: Taschendiebstahl, Schl\u00f6sser knacken, Meucheln Schw\u00e4chen: Kampfkunst, menschliche Interaktion \u00c4ngste\/Phobien: Einsamkeit Religion\/Glaube: Rodan Spielt mit in: Superstein Vorgeschichte: Einen vollen Magen, etwas Gutes zu trinken, eine gem\u00fctliche Decke oder gar ein [...]","protected":false},"author":1,"featured_media":0,"parent":2345,"menu_order":0,"comment_status":"closed","ping_status":"closed","template":"","meta":{"_acf_changed":false,"_bbp_topic_count":0,"_bbp_reply_count":0,"_bbp_total_topic_count":0,"_bbp_total_reply_count":0,"_bbp_voice_count":0,"_bbp_anonymous_reply_count":0,"_bbp_topic_count_hidden":0,"_bbp_reply_count_hidden":0,"_bbp_forum_subforum_count":0,"footnotes":""},"class_list":["post-2363","page","type-page","status-publish","hentry"],"acf":[],"_links":{"self":[{"href":"https:\/\/phyrfliez.de\/en\/wp-json\/wp\/v2\/pages\/2363","targetHints":{"allow":["GET"]}}],"collection":[{"href":"https:\/\/phyrfliez.de\/en\/wp-json\/wp\/v2\/pages"}],"about":[{"href":"https:\/\/phyrfliez.de\/en\/wp-json\/wp\/v2\/types\/page"}],"author":[{"embeddable":true,"href":"https:\/\/phyrfliez.de\/en\/wp-json\/wp\/v2\/users\/1"}],"replies":[{"embeddable":true,"href":"https:\/\/phyrfliez.de\/en\/wp-json\/wp\/v2\/comments?post=2363"}],"version-history":[{"count":4,"href":"https:\/\/phyrfliez.de\/en\/wp-json\/wp\/v2\/pages\/2363\/revisions"}],"predecessor-version":[{"id":2743,"href":"https:\/\/phyrfliez.de\/en\/wp-json\/wp\/v2\/pages\/2363\/revisions\/2743"}],"up":[{"embeddable":true,"href":"https:\/\/phyrfliez.de\/en\/wp-json\/wp\/v2\/pages\/2345"}],"wp:attachment":[{"href":"https:\/\/phyrfliez.de\/en\/wp-json\/wp\/v2\/media?parent=2363"}],"curies":[{"name":"wp","href":"https:\/\/api.w.org\/{rel}","templated":true}]}}