{"id":2359,"date":"2025-09-14T16:32:00","date_gmt":"2025-09-14T14:32:00","guid":{"rendered":"https:\/\/test.phyrfliez.de\/?page_id=2359"},"modified":"2025-09-18T09:59:52","modified_gmt":"2025-09-18T07:59:52","slug":"lucia","status":"publish","type":"page","link":"https:\/\/phyrfliez.de\/en\/spiele\/superstein\/lucia\/","title":{"rendered":"Lucia"},"content":{"rendered":"<div class=\"wpb-content-wrapper\"><div class=\"vc_row wpb_row vc_row-fluid\"><div class=\"wpb_column vc_column_container vc_col-sm-12\"><div class=\"vc_column-inner\"><div class=\"wpb_wrapper\"><h2  class='text-left'> Character Sheet <\/h2><\/div><\/div><\/div><\/div><div class=\"vc_row wpb_row vc_row-fluid\"><div class=\"wpb_column vc_column_container vc_col-sm-6\"><div class=\"vc_column-inner\"><div class=\"wpb_wrapper\">\n\t<div  class=\"wpb_single_image wpb_content_element vc_align_left wpb_content_element\">\n\t\t\n\t\t<figure class=\"wpb_wrapper vc_figure\">\n\t\t\t<div class=\"vc_single_image-wrapper   vc_box_border_grey\"><img decoding=\"async\" class=\"vc_single_image-img\" src=\"https:\/\/phyrfliez.de\/wp-content\/uploads\/2025\/09\/Char_Lucia-1-334x472.png\" width=\"334\" height=\"472\" alt=\"Char_Lucia\" title=\"Char_Lucia\" loading=\"lazy\" \/><\/div>\n\t\t<\/figure>\n\t<\/div>\n<\/div><\/div><\/div><div class=\"wpb_column vc_column_container vc_col-sm-6\"><div class=\"vc_column-inner\"><div class=\"wpb_wrapper\"><div class=\"vc_empty_space\"   style=\"height: 64px\"><span class=\"vc_empty_space_inner\"><\/span><\/div><div class=\"\" ><p class=\"has-medium-font-size\"><strong>Name:<\/strong> Lucia<br \/>\n<strong>Gender: <\/strong>female<br \/>\n<strong>Age<\/strong> 24<br \/>\n<strong>Klasse:<\/strong> mage<br \/>\n<strong>Appearance:<\/strong> about 164 cm tall, turquoise hair<br \/>\n<strong>Personality:<\/strong> ambitious, diligent, assertive<br \/>\n<strong>Strengths:<\/strong> ice magic, alchemy<br \/>\n<strong>Weaknesses:<\/strong> respect for authority, fire<br \/>\n<strong>Fears\/Phobias:<\/strong> a life in captivity<br \/>\n<strong>Religion\/Beliefs:<\/strong> Rodan<\/p>\n<p class=\"has-medium-font-size\"><strong>Appears in:<\/strong> <a href=\"\/en\/spiele\/superstein\/\">Superstein<\/a><\/p>\n<\/div><\/div><\/div><\/div><\/div><div class=\"vc_row wpb_row vc_row-fluid\"><div class=\"wpb_column vc_column_container vc_col-sm-12\"><div class=\"vc_column-inner\"><div class=\"wpb_wrapper\"><div class=\"\" ><p class=\"has-medium-font-size\"><strong>Backstory:<\/strong> Born into one of the noblest principalities of Vargo, Lucia experienced a peaceful and happy childhood. She spent most of her time exploring nature, though secretly she began experimenting with alchemy in her childhood bedroom. At the age of 16, her parents attempted to marry her off to the son of a friendly noble house. Seeing no other way to escape this fate, she decided to join the Mage Guild. At first, she cared little for it\u2014seeing it as nothing more than a better alternative to marrying a man she did not love. She even came close to being expelled from the guild. But it was then that her ambition took hold. Within just a few years, she rose to become one of the strongest ice mages in the land.<\/p>\n<\/div><\/div><\/div><\/div><\/div>\n<\/div>","protected":false},"excerpt":{"rendered":"Charakterbogen Name: Lucia Geschlecht: weiblich Alter: 24 Klasse: Magierin Aussehen: ca. 164 cm gro\u00df, t\u00fcrkises Haar Pers\u00f6nlichkeit: ehrgeizig, gewissenhaft, bestimmerisch St\u00e4rken: Eismagie, Alchemie Schw\u00e4chen: Anerkennung von Autorit\u00e4ten, Feuer \u00c4ngste\/Phobien: ein Leben in Gefangenschaft Religion\/Glaube: Rodan Spielt mit in: Superstein Vorgeschichte: Geboren in einem der edelsten F\u00fcrstent\u00fcmern Vargos, durchlebte Lucia eine friedliche und gl\u00fcckliche Kindheit. Die [...]","protected":false},"author":1,"featured_media":0,"parent":2345,"menu_order":0,"comment_status":"closed","ping_status":"closed","template":"","meta":{"_acf_changed":false,"_bbp_topic_count":0,"_bbp_reply_count":0,"_bbp_total_topic_count":0,"_bbp_total_reply_count":0,"_bbp_voice_count":0,"_bbp_anonymous_reply_count":0,"_bbp_topic_count_hidden":0,"_bbp_reply_count_hidden":0,"_bbp_forum_subforum_count":0,"footnotes":""},"class_list":["post-2359","page","type-page","status-publish","hentry"],"acf":[],"_links":{"self":[{"href":"https:\/\/phyrfliez.de\/en\/wp-json\/wp\/v2\/pages\/2359","targetHints":{"allow":["GET"]}}],"collection":[{"href":"https:\/\/phyrfliez.de\/en\/wp-json\/wp\/v2\/pages"}],"about":[{"href":"https:\/\/phyrfliez.de\/en\/wp-json\/wp\/v2\/types\/page"}],"author":[{"embeddable":true,"href":"https:\/\/phyrfliez.de\/en\/wp-json\/wp\/v2\/users\/1"}],"replies":[{"embeddable":true,"href":"https:\/\/phyrfliez.de\/en\/wp-json\/wp\/v2\/comments?post=2359"}],"version-history":[{"count":4,"href":"https:\/\/phyrfliez.de\/en\/wp-json\/wp\/v2\/pages\/2359\/revisions"}],"predecessor-version":[{"id":2740,"href":"https:\/\/phyrfliez.de\/en\/wp-json\/wp\/v2\/pages\/2359\/revisions\/2740"}],"up":[{"embeddable":true,"href":"https:\/\/phyrfliez.de\/en\/wp-json\/wp\/v2\/pages\/2345"}],"wp:attachment":[{"href":"https:\/\/phyrfliez.de\/en\/wp-json\/wp\/v2\/media?parent=2359"}],"curies":[{"name":"wp","href":"https:\/\/api.w.org\/{rel}","templated":true}]}}