{"id":2348,"date":"2025-09-14T16:28:17","date_gmt":"2025-09-14T14:28:17","guid":{"rendered":"https:\/\/test.phyrfliez.de\/?page_id=2348"},"modified":"2025-09-18T10:01:27","modified_gmt":"2025-09-18T08:01:27","slug":"maria","status":"publish","type":"page","link":"https:\/\/phyrfliez.de\/en\/spiele\/superstein\/maria\/","title":{"rendered":"Maria"},"content":{"rendered":"<div class=\"wpb-content-wrapper\"><div class=\"vc_row wpb_row vc_row-fluid\"><div class=\"wpb_column vc_column_container vc_col-sm-12\"><div class=\"vc_column-inner\"><div class=\"wpb_wrapper\"><h2  class='text-left'> Character Sheet <\/h2><\/div><\/div><\/div><\/div><div class=\"vc_row wpb_row vc_row-fluid\"><div class=\"wpb_column vc_column_container vc_col-sm-6\"><div class=\"vc_column-inner\"><div class=\"wpb_wrapper\">\n\t<div  class=\"wpb_single_image wpb_content_element vc_align_left wpb_content_element\">\n\t\t\n\t\t<figure class=\"wpb_wrapper vc_figure\">\n\t\t\t<div class=\"vc_single_image-wrapper   vc_box_border_grey\"><img decoding=\"async\" class=\"vc_single_image-img\" src=\"https:\/\/phyrfliez.de\/wp-content\/uploads\/2025\/09\/Char_Maria-1-334x472.png\" width=\"334\" height=\"472\" alt=\"Char_Maria\" title=\"Char_Maria\" loading=\"lazy\" \/><\/div>\n\t\t<\/figure>\n\t<\/div>\n<\/div><\/div><\/div><div class=\"wpb_column vc_column_container vc_col-sm-6\"><div class=\"vc_column-inner\"><div class=\"wpb_wrapper\"><div class=\"vc_empty_space\"   style=\"height: 64px\"><span class=\"vc_empty_space_inner\"><\/span><\/div><div class=\"\" ><p class=\"has-medium-font-size\"><strong>Name:<\/strong> Maria<br \/>\n<strong>Gender: <\/strong>female<br \/>\n<strong>Age <\/strong> unknown<br \/>\n<strong>Race:<\/strong> Demon<br \/>\n<strong>Appearance:<\/strong> about 168 cm tall, blonde hair, horns, wings<br \/>\n<strong>Personality:<\/strong> loyal, strong affinity for fire, short-tempered<br \/>\n<strong>Strengths:<\/strong> fire, martial arts<br \/>\n<strong>Weaknesses:<\/strong> showing remorse, patience<br \/>\n<strong>Fears\/Phobias:<\/strong> churches\/chapels, loneliness<br \/>\n<strong>Religion\/Beliefs:<\/strong> Goroja<\/p>\n<p class=\"has-medium-font-size\"><strong>Appears in:<\/strong> <a href=\"\/en\/spiele\/superstein\/\">Superstein<\/a><\/p>\n<\/div><\/div><\/div><\/div><\/div><div class=\"vc_row wpb_row vc_row-fluid\"><div class=\"wpb_column vc_column_container vc_col-sm-12\"><div class=\"vc_column-inner\"><div class=\"wpb_wrapper\"><div class=\"\" ><p class=\"has-medium-font-size\"><strong>Backstory:<\/strong> Raised in Goroja\u2019s dark realm, Maria discovered her love for fire at an early age. Anything that stood in her way was mercilessly burned to ashes. Goroja took advantage of this passion and, upon the completion of her training, appointed her as a commander of his armies. In his name, she marched through the lands of men, burning villages, forests, and every living being that crossed her path. Her campaigns were known as merciless and unstoppable, until one day, a stone rolled into her way.<\/p>\n<\/div><\/div><\/div><\/div><\/div>\n<\/div>","protected":false},"excerpt":{"rendered":"Charakterbogen Name: Maria Geschlecht: weiblich Alter: unbekannt Rasse: D\u00e4mon Aussehen: ca. 168 cm gro\u00df, blondes Haar. H\u00f6rner, Fl\u00fcgel Pers\u00f6nlichkeit: loyal, ausgepr\u00e4gte Liebe zu Feuer, leicht reizbar St\u00e4rken: Feuer, Kampfkunst Schw\u00e4chen: Reue zeigen, Geduld \u00c4ngste\/Phobien: Kirchen\/Kapellen, Einsamkeit Religion\/Glaube: Goroja Spielt mit in: Superstein Vorgeschichte: Aufgewachsen in Gorojas dunklem Reich, entdeckte Maria schon sehr fr\u00fch ihre Liebe [...]","protected":false},"author":1,"featured_media":0,"parent":2345,"menu_order":0,"comment_status":"closed","ping_status":"closed","template":"","meta":{"_acf_changed":false,"_bbp_topic_count":0,"_bbp_reply_count":0,"_bbp_total_topic_count":0,"_bbp_total_reply_count":0,"_bbp_voice_count":0,"_bbp_anonymous_reply_count":0,"_bbp_topic_count_hidden":0,"_bbp_reply_count_hidden":0,"_bbp_forum_subforum_count":0,"footnotes":""},"class_list":["post-2348","page","type-page","status-publish","hentry"],"acf":[],"_links":{"self":[{"href":"https:\/\/phyrfliez.de\/en\/wp-json\/wp\/v2\/pages\/2348","targetHints":{"allow":["GET"]}}],"collection":[{"href":"https:\/\/phyrfliez.de\/en\/wp-json\/wp\/v2\/pages"}],"about":[{"href":"https:\/\/phyrfliez.de\/en\/wp-json\/wp\/v2\/types\/page"}],"author":[{"embeddable":true,"href":"https:\/\/phyrfliez.de\/en\/wp-json\/wp\/v2\/users\/1"}],"replies":[{"embeddable":true,"href":"https:\/\/phyrfliez.de\/en\/wp-json\/wp\/v2\/comments?post=2348"}],"version-history":[{"count":8,"href":"https:\/\/phyrfliez.de\/en\/wp-json\/wp\/v2\/pages\/2348\/revisions"}],"predecessor-version":[{"id":2745,"href":"https:\/\/phyrfliez.de\/en\/wp-json\/wp\/v2\/pages\/2348\/revisions\/2745"}],"up":[{"embeddable":true,"href":"https:\/\/phyrfliez.de\/en\/wp-json\/wp\/v2\/pages\/2345"}],"wp:attachment":[{"href":"https:\/\/phyrfliez.de\/en\/wp-json\/wp\/v2\/media?parent=2348"}],"curies":[{"name":"wp","href":"https:\/\/api.w.org\/{rel}","templated":true}]}}