{"id":2317,"date":"2025-09-14T16:04:41","date_gmt":"2025-09-14T14:04:41","guid":{"rendered":"https:\/\/test.phyrfliez.de\/?page_id=2317"},"modified":"2025-09-18T10:07:18","modified_gmt":"2025-09-18T08:07:18","slug":"nelio","status":"publish","type":"page","link":"https:\/\/phyrfliez.de\/en\/spiele\/forgotten-symphony\/nelio\/","title":{"rendered":"Nelio"},"content":{"rendered":"<div class=\"wpb-content-wrapper\"><div class=\"vc_row wpb_row vc_row-fluid\"><div class=\"wpb_column vc_column_container vc_col-sm-12\"><div class=\"vc_column-inner\"><div class=\"wpb_wrapper\"><h2  class='text-left'> Character Sheet <\/h2><\/div><\/div><\/div><\/div><div class=\"vc_row wpb_row vc_row-fluid\"><div class=\"wpb_column vc_column_container vc_col-sm-6\"><div class=\"vc_column-inner\"><div class=\"wpb_wrapper\">\n\t<div  class=\"wpb_single_image wpb_content_element vc_align_left wpb_content_element\">\n\t\t\n\t\t<figure class=\"wpb_wrapper vc_figure\">\n\t\t\t<div class=\"vc_single_image-wrapper   vc_box_border_grey\"><img decoding=\"async\" class=\"vc_single_image-img\" src=\"https:\/\/phyrfliez.de\/wp-content\/uploads\/2025\/09\/Char_Nelio-334x472.png\" width=\"334\" height=\"472\" alt=\"Char_Nelio\" title=\"Char_Nelio\" loading=\"lazy\" \/><\/div>\n\t\t<\/figure>\n\t<\/div>\n<\/div><\/div><\/div><div class=\"wpb_column vc_column_container vc_col-sm-6\"><div class=\"vc_column-inner\"><div class=\"wpb_wrapper\"><div class=\"vc_empty_space\"   style=\"height: 64px\"><span class=\"vc_empty_space_inner\"><\/span><\/div><div class=\"\" ><p class=\"has-medium-font-size\"><strong>Name:<\/strong> Nelio<br \/>\n<strong>Gender: <\/strong>male<br \/>\n<strong>Age <\/strong>16<br \/>\n<strong>Race:<\/strong> human<br \/>\n<strong>Appearance:<\/strong> about 175 cm tall, black hair, glasses, slim<br \/>\n<strong>Personality:<\/strong> selfless, hopelessly in love with Ellie<br \/>\n<strong>Strengths:<\/strong> extensive knowledge of TV series, martial arts<br \/>\n<strong>Weaknesses:<\/strong> technical skills<br \/>\n<strong>Fears\/Phobias:<\/strong> social phobia, fear of losing Ellie<\/p>\n<p class=\"has-medium-font-size\"><strong>Appears in:<\/strong> <a href=\"\/en\/spiele\/forgotten-symphony\/\">Forgotten Symphony<\/a><\/p>\n<\/div><\/div><\/div><\/div><\/div><div class=\"vc_row wpb_row vc_row-fluid\"><div class=\"wpb_column vc_column_container vc_col-sm-12\"><div class=\"vc_column-inner\"><div class=\"wpb_wrapper\"><div class=\"\" ><p class=\"has-medium-font-size\"><strong>Backstory:<\/strong> Nelio lives with his parents and his older sister in a rather modest apartment. Between the relationship drama of the adults and his sister\u2019s constant nagging, he grew up used to stress and arguments. Because of this, he prefers to retreat to his room, listening to music and watching series. For as long as he can remember, he has been in love with Ellie, and together they\u2019ve shared many experiences. Yet, he has never truly managed to confess his feelings to her\u2026<\/p>\n<\/div><\/div><\/div><\/div><\/div>\n<\/div>","protected":false},"excerpt":{"rendered":"Charakterbogen Name: Nelio Geschlecht: m\u00e4nnlich Alter: 16 Rasse: Mensch Aussehen: ca. 175 cm, schwarzes Haar, Brille, schlank Pers\u00f6nlichkeit: selbstlos, total in Ellie verknallt St\u00e4rken: hohes Serienwissen, Kampfsport Schw\u00e4chen: Technisches Wissen \u00c4ngste\/Phobien: Soziophobie, Angst Ellie zu verlieren Spielt mit in: Forgotten Symphony Vorgeschichte: Nelio lebt gemeinsam mit seinen Eltern und seiner gro\u00dfen Schwester in einem eher [...]","protected":false},"author":1,"featured_media":0,"parent":2284,"menu_order":0,"comment_status":"closed","ping_status":"closed","template":"","meta":{"_acf_changed":false,"_bbp_topic_count":0,"_bbp_reply_count":0,"_bbp_total_topic_count":0,"_bbp_total_reply_count":0,"_bbp_voice_count":0,"_bbp_anonymous_reply_count":0,"_bbp_topic_count_hidden":0,"_bbp_reply_count_hidden":0,"_bbp_forum_subforum_count":0,"footnotes":""},"class_list":["post-2317","page","type-page","status-publish","hentry"],"acf":[],"_links":{"self":[{"href":"https:\/\/phyrfliez.de\/en\/wp-json\/wp\/v2\/pages\/2317","targetHints":{"allow":["GET"]}}],"collection":[{"href":"https:\/\/phyrfliez.de\/en\/wp-json\/wp\/v2\/pages"}],"about":[{"href":"https:\/\/phyrfliez.de\/en\/wp-json\/wp\/v2\/types\/page"}],"author":[{"embeddable":true,"href":"https:\/\/phyrfliez.de\/en\/wp-json\/wp\/v2\/users\/1"}],"replies":[{"embeddable":true,"href":"https:\/\/phyrfliez.de\/en\/wp-json\/wp\/v2\/comments?post=2317"}],"version-history":[{"count":2,"href":"https:\/\/phyrfliez.de\/en\/wp-json\/wp\/v2\/pages\/2317\/revisions"}],"predecessor-version":[{"id":2751,"href":"https:\/\/phyrfliez.de\/en\/wp-json\/wp\/v2\/pages\/2317\/revisions\/2751"}],"up":[{"embeddable":true,"href":"https:\/\/phyrfliez.de\/en\/wp-json\/wp\/v2\/pages\/2284"}],"wp:attachment":[{"href":"https:\/\/phyrfliez.de\/en\/wp-json\/wp\/v2\/media?parent=2317"}],"curies":[{"name":"wp","href":"https:\/\/api.w.org\/{rel}","templated":true}]}}