{"id":2284,"date":"2025-09-14T15:44:15","date_gmt":"2025-09-14T13:44:15","guid":{"rendered":"https:\/\/test.phyrfliez.de\/?page_id=2284"},"modified":"2025-09-18T10:05:47","modified_gmt":"2025-09-18T08:05:47","slug":"forgotten-symphony","status":"publish","type":"page","link":"https:\/\/phyrfliez.de\/en\/spiele\/forgotten-symphony\/","title":{"rendered":"Forgotten Symphony"},"content":{"rendered":"<div class=\"wpb-content-wrapper\"><div class=\"vc_row wpb_row vc_row-fluid\"><div class=\"wpb_column vc_column_container vc_col-sm-12\"><div class=\"vc_column-inner\"><div class=\"wpb_wrapper\"><div class=\"vc_custom_1757870449074  nk-image-box-1-a\" >\n                    \n                    <img decoding=\"async\" src=\"https:\/\/phyrfliez.de\/wp-content\/uploads\/2025\/09\/Banner_FS.png\" alt=\"\" >\n                    \n                <\/div><div class=\"vc_empty_space\"   style=\"height: 20px\"><span class=\"vc_empty_space_inner\"><\/span><\/div><\/div><\/div><\/div><\/div><div class=\"vc_row wpb_row vc_row-fluid\"><div class=\"wpb_column vc_column_container vc_col-sm-12\"><div class=\"vc_column-inner\"><div class=\"wpb_wrapper\"><h2  class='text-left'>Story:<\/p>\n<p><\/h2><div class=\"\" ><p class=\"has-medium-font-size\">The future is anything but easy. Climate change, corporations pulling the strings of politics, total surveillance, and dumb laws as far as the eye can see. Welcome to the year 2234.<\/p>\n<p class=\"has-medium-font-size\"><a href=\"\/en\/spiele\/forgotten-symphony\/ellie\/\">Ellie<\/a> just wants to live a normal, boring life. Video games, scarfing down pizza, and, when no one\u2019s watching, breaking the law here and there. But her dull and monotonous routine is turned upside down when an unknown hacker suddenly breaks into the computer chip in her brain and starts taking control of her body. In no time at all, her world is in chaos, and then <a href=\"\/en\/forgotten-symphony\/nelio\/\">Nelio<\/a> and <a href=\"\/en\/forgotten-symphony\/eren\/\">Eren<\/a> and Eren show up, acting all about \u201cfeelings\u201d\u2026<\/p>\n<p class=\"has-medium-font-size\">To top it all off, the stranger even claims to be from the year 2244. Unfortunately, his memory doesn\u2019t provide much more than that.<\/p>\n<p class=\"has-medium-font-size\">A quirky story about friendship, fears of the future, loss, and sticking together.<\/p>\n<\/div><div class=\"nk-title-sep text-center\" ><\/div><div class=\"vc_empty_space\"   style=\"height: 20px\"><span class=\"vc_empty_space_inner\"><\/span><\/div><\/div><\/div><\/div><\/div><div class=\"vc_row wpb_row vc_row-fluid\"><div class=\"wpb_column vc_column_container vc_col-sm-12\"><div class=\"vc_column-inner\"><div class=\"wpb_wrapper\"><h2  class='text-left'>Gameplay &amp; Features:<\/p>\n<p><\/h2>\n\t<div class=\"wpb_text_column wpb_content_element\" >\n\t\t<div class=\"wpb_wrapper\">\n\t\t\t<ul class=\"wp-block-list\">\n<li class=\"has-medium-font-size\">an unusual \u201cvisual novel\u201d with a bit of freedom to move<\/li>\n<li class=\"has-medium-font-size\">small minigames and puzzles to break up the reading<\/li>\n<li class=\"has-medium-font-size\">the most important side quest since the invention of video games!<\/li>\n<li class=\"has-medium-font-size\">more of an interactive story, less traditional gameplay<\/li>\n<li class=\"has-medium-font-size\">about 4\u20135 hours of playtime<\/li>\n<li class=\"has-medium-font-size\">varied soundtrack with unique songs<\/li>\n<li class=\"has-medium-font-size\">a bizarre mix of strange events and a frightening future<\/li>\n<\/ul>\n\n\t\t<\/div>\n\t<\/div>\n<div class=\"nk-title-sep text-center\" ><\/div><div class=\"vc_empty_space\"   style=\"height: 20px\"><span class=\"vc_empty_space_inner\"><\/span><\/div><\/div><\/div><\/div><\/div><div class=\"vc_row wpb_row vc_row-fluid text-center\"><div class=\"wpb_column vc_column_container vc_col-sm-12\"><div class=\"vc_column-inner\"><div class=\"wpb_wrapper\"><h2  class='text-left'>More Links:<\/p>\n<p><\/h2><a href=\"https:\/\/www.youtube.com\/watch?v=qn-RnaVEJeY\" title=\"Official Trailer\" target=\"_blank\"  class=\"nk-btn  nk-btn-color-main-1 link-effect-4 nk-btn-x3 vc_custom_1757857831912\"> <span class=\"icon\"><span class=\"fa fa-solid fa-music\"><\/span><\/span> <span>Official Trailer<\/span><\/a><a href=\"\/en\/spiele\/forgotten-symphony\/patchnotizen\/\" title=\"Patch Notes\"  class=\"nk-btn  nk-btn-color-main-1 link-effect-4 nk-btn-x3 vc_custom_1758182590820\"> <span class=\"icon\"><span class=\"ion-pound\"><\/span><\/span> <span>Patch Notes<\/span><\/a><div class=\"nk-title-sep text-center\" ><\/div><div class=\"vc_empty_space\"   style=\"height: 20px\"><span class=\"vc_empty_space_inner\"><\/span><\/div><\/div><\/div><\/div><\/div><div class=\"vc_row wpb_row vc_row-fluid text-center\"><div class=\"wpb_column vc_column_container vc_col-sm-12\"><div class=\"vc_column-inner\"><div class=\"wpb_wrapper\"><h2  class='text-left'>Available Languages:<\/h2><div class=\"nk-carousel-2 nk-carousel-no-margin nk-carousel-all-visible\" data-arrows=\"true\" data-autoplay=\"3000\" data-dots=\"true\" data-size=\"1\">\n                    <div class=\"nk-carousel-inner\">\n                    <div><div>\n                                    <div class=\"nk-gallery-item\"><img decoding=\"async\" src=\"https:\/\/phyrfliez.de\/wp-content\/uploads\/2025\/09\/Flaggen_DE.png\" alt=\"\" class=\"nk-img-fit\"><\/div>\n                                <\/div><\/div>\n                    <\/div>\n                <\/div><div class=\"nk-title-sep text-center\" ><\/div><div class=\"vc_empty_space\"   style=\"height: 20px\"><span class=\"vc_empty_space_inner\"><\/span><\/div><\/div><\/div><\/div><\/div><div class=\"vc_row wpb_row vc_row-fluid\"><div class=\"wpb_column vc_column_container vc_col-sm-12\"><div class=\"vc_column-inner\"><div class=\"wpb_wrapper\"><h2  class='text-left'>Images:<\/p>\n<p><\/h2><div class=\"nk-popup-gallery nk-popup-gallery-3-col nk-isotope\"><div class=\"nk-gallery-item-box nk-isotope-item\" ><a href=\"https:\/\/phyrfliez.de\/wp-content\/uploads\/2025\/09\/Screen-V1.1-11.png\" class=\"nk-gallery-item\" data-size=\"1280x720\"> <img decoding=\"async\" src=\"https:\/\/phyrfliez.de\/wp-content\/uploads\/2025\/09\/Screen-V1.1-11-800x450.png\" alt=\"\"><\/a><\/div><div class=\"nk-gallery-item-box nk-isotope-item\" ><a href=\"https:\/\/phyrfliez.de\/wp-content\/uploads\/2025\/09\/Screen-V1.1-02.png\" class=\"nk-gallery-item\" data-size=\"1280x720\"> <img decoding=\"async\" src=\"https:\/\/phyrfliez.de\/wp-content\/uploads\/2025\/09\/Screen-V1.1-02-800x450.png\" alt=\"\"><\/a><\/div><div class=\"nk-gallery-item-box nk-isotope-item\" ><a href=\"https:\/\/phyrfliez.de\/wp-content\/uploads\/2025\/09\/Screen-V1.1-12.png\" class=\"nk-gallery-item\" data-size=\"1280x720\"> <img decoding=\"async\" src=\"https:\/\/phyrfliez.de\/wp-content\/uploads\/2025\/09\/Screen-V1.1-12-800x450.png\" alt=\"\"><\/a><\/div><div class=\"nk-gallery-item-box nk-isotope-item\" ><a href=\"https:\/\/phyrfliez.de\/wp-content\/uploads\/2025\/09\/Screen-V1.1-14.png\" class=\"nk-gallery-item\" data-size=\"1280x720\"> <img decoding=\"async\" src=\"https:\/\/phyrfliez.de\/wp-content\/uploads\/2025\/09\/Screen-V1.1-14-800x450.png\" alt=\"\"><\/a><\/div><div class=\"nk-gallery-item-box nk-isotope-item\" ><a href=\"https:\/\/phyrfliez.de\/wp-content\/uploads\/2025\/09\/Screen-V1.1-03.png\" class=\"nk-gallery-item\" data-size=\"1280x720\"> <img decoding=\"async\" src=\"https:\/\/phyrfliez.de\/wp-content\/uploads\/2025\/09\/Screen-V1.1-03-800x450.png\" alt=\"\"><\/a><\/div><div class=\"nk-gallery-item-box nk-isotope-item\" ><a href=\"https:\/\/phyrfliez.de\/wp-content\/uploads\/2025\/09\/Screen-V1.1-04.png\" class=\"nk-gallery-item\" data-size=\"1280x720\"> <img decoding=\"async\" src=\"https:\/\/phyrfliez.de\/wp-content\/uploads\/2025\/09\/Screen-V1.1-04-800x450.png\" alt=\"\"><\/a><\/div><div class=\"nk-gallery-item-box nk-isotope-item\" ><a href=\"https:\/\/phyrfliez.de\/wp-content\/uploads\/2025\/09\/Screen-V1.1-06.png\" class=\"nk-gallery-item\" data-size=\"1280x720\"> <img decoding=\"async\" src=\"https:\/\/phyrfliez.de\/wp-content\/uploads\/2025\/09\/Screen-V1.1-06-800x450.png\" alt=\"\"><\/a><\/div><div class=\"nk-gallery-item-box nk-isotope-item\" ><a href=\"https:\/\/phyrfliez.de\/wp-content\/uploads\/2025\/09\/Screen-V1.1-16.png\" class=\"nk-gallery-item\" data-size=\"1280x720\"> <img decoding=\"async\" src=\"https:\/\/phyrfliez.de\/wp-content\/uploads\/2025\/09\/Screen-V1.1-16-800x450.png\" alt=\"\"><\/a><\/div><div class=\"nk-gallery-item-box nk-isotope-item\" ><a href=\"https:\/\/phyrfliez.de\/wp-content\/uploads\/2025\/09\/Screen-V1.1-09.png\" class=\"nk-gallery-item\" data-size=\"1280x720\"> <img decoding=\"async\" src=\"https:\/\/phyrfliez.de\/wp-content\/uploads\/2025\/09\/Screen-V1.1-09-800x450.png\" alt=\"\"><\/a><\/div><div class=\"nk-gallery-item-box nk-isotope-item\" ><a href=\"https:\/\/phyrfliez.de\/wp-content\/uploads\/2025\/09\/Screen-V1.1-17.png\" class=\"nk-gallery-item\" data-size=\"1280x720\"> <img decoding=\"async\" src=\"https:\/\/phyrfliez.de\/wp-content\/uploads\/2025\/09\/Screen-V1.1-17-800x450.png\" alt=\"\"><\/a><\/div><div class=\"nk-gallery-item-box nk-isotope-item\" ><a href=\"https:\/\/phyrfliez.de\/wp-content\/uploads\/2025\/09\/Screen-V1.1-15.png\" class=\"nk-gallery-item\" data-size=\"1280x720\"> <img decoding=\"async\" src=\"https:\/\/phyrfliez.de\/wp-content\/uploads\/2025\/09\/Screen-V1.1-15-800x450.png\" alt=\"\"><\/a><\/div><div class=\"nk-gallery-item-box nk-isotope-item\" ><a href=\"https:\/\/phyrfliez.de\/wp-content\/uploads\/2025\/09\/Screen-V1.1-01.png\" class=\"nk-gallery-item\" data-size=\"1280x720\"> <img decoding=\"async\" src=\"https:\/\/phyrfliez.de\/wp-content\/uploads\/2025\/09\/Screen-V1.1-01-800x450.png\" alt=\"\"><\/a><\/div><\/div><div class=\"nk-title-sep text-center\" ><\/div><div class=\"vc_empty_space\"   style=\"height: 20px\"><span class=\"vc_empty_space_inner\"><\/span><\/div><\/div><\/div><\/div><\/div><div class=\"vc_row wpb_row vc_row-fluid text-center\"><div class=\"wpb_column vc_column_container vc_col-sm-12\"><div class=\"vc_column-inner\"><div class=\"wpb_wrapper\"><h2  class='text-left'>Soundtrack:<\/h2><a href=\"https:\/\/www.youtube.com\/watch?v=OjwhCe1L9ak\" target=\"_blank\"  class=\"nk-btn  nk-btn-color-main-1 link-effect-4 nk-btn-x3 vc_custom_1757857943516\"> <span class=\"icon\"><span class=\"fa fa-solid fa-music\"><\/span><\/span> <span>Ellies Symphonie (Song)<\/span><\/a><a href=\"https:\/\/www.youtube.com\/watch?v=lj-T8ordpsA\" target=\"_blank\"  class=\"nk-btn  nk-btn-color-main-1 link-effect-4 nk-btn-x3 vc_custom_1757857969533\"> <span class=\"icon\"><span class=\"fa fa-solid fa-music\"><\/span><\/span> <span>Ellies Traum (Song)<\/span><\/a><div class=\"nk-title-sep text-center\" ><\/div><div class=\"vc_empty_space\"   style=\"height: 20px\"><span class=\"vc_empty_space_inner\"><\/span><\/div><\/div><\/div><\/div><\/div><div class=\"vc_row wpb_row vc_row-fluid text-center\"><div class=\"wpb_column vc_column_container vc_col-sm-12\"><div class=\"vc_column-inner\"><div class=\"wpb_wrapper\"><h2  class='text-left'>Play for free here:<\/p>\n<p><\/h2><h4  class='text-left'>Download the game\u2026<\/h4><a href=\"https:\/\/store.steampowered.com\/app\/2595300\/Forgotten_Symphony\/\" target=\"_blank\"  class=\"nk-btn btn-row nk-btn-color-main-1 link-effect-4 nk-btn-x3 vc_custom_1757858039999\"> <span class=\"icon\"><span class=\"fa fa-brands fa-steam\"><\/span><\/span> <span>Steam<\/span><\/a><a href=\"https:\/\/phyrfliez.itch.io\/forgotten-symphony\" target=\"_blank\"  class=\"nk-btn btn-row nk-btn-color-main-1 link-effect-4 nk-btn-x3 vc_custom_1757858024965\"> <span class=\"icon\"><span class=\"ion-android-download\"><\/span><\/span> <span>Itch<\/span><\/a><a href=\"\/games_download\/FS_V11.zip\"  download class=\"nk-btn btn-row nk-btn-color-main-1 link-effect-4 nk-btn-x3 vc_custom_1758182673326\"> <span class=\"icon\"><span class=\"fa fa-solid fa-download\"><\/span><\/span> <span>Direct Link<\/span><\/a><div class=\"vc_empty_space\"   style=\"height: 40px\"><span class=\"vc_empty_space_inner\"><\/span><\/div><h4  class='text-left'>Play directly in your browser\u2026<\/p>\n<p><\/h4><a href=\"\/en\/spiele\/forgotten-symphony\/browserplay-forgotten-symphony\/\"  class=\"nk-btn center-buttons nk-btn-color-main-1 link-effect-4 nk-btn-x3 vc_custom_1758182661121\"> <span class=\"icon\"><span class=\"ion-ios-game-controller-b\"><\/span><\/span> <span>Click me!<\/span><\/a><div class=\"nk-title-sep text-center\" ><\/div><div class=\"vc_empty_space\"   style=\"height: 20px\"><span class=\"vc_empty_space_inner\"><\/span><\/div><\/div><\/div><\/div><\/div><div class=\"vc_row wpb_row vc_row-fluid\"><div class=\"wpb_column vc_column_container vc_col-sm-12\"><div class=\"vc_column-inner\"><div class=\"wpb_wrapper\"><div class=\"nk-info-box\" >\n                    <div class=\"nk-info-box-icon\">\n                            <span class=\"ion-checkmark\"><\/span>\n                        <\/div>\n                    \n                    <blockquote class=\"nk-testimonial\" ><div class=\"nk-testimonial-body\"><div class=\"ghostkit-alert-icon\">\n<p>Since version 1.1, <em>Forgotten Symphony<\/em> is also playable on the Steam Deck and on Linux. Simply select the Proton version <strong>\u201cExperimental\u201d<\/strong> and make sure the <strong>controller<\/strong> is enabled in the Steam Deck settings.<\/p>\n<\/div>\n<\/div><\/blockquote>\n\n                <\/div><\/div><\/div><\/div><\/div>\n<\/div>","protected":false},"excerpt":{"rendered":"Handlung: In der Zukunft hat man es sicherlich nicht einfach. Der Klimawandel, Konzerne, welche die Politik des Landes lenken, totale \u00dcberwachung und d\u00e4mliche Gesetze so weit das Auge blicken l\u00e4sst. Also herzlich willkommen im Jahr 2234. Ellie versucht ein ganz normales und langweiliges Leben zu f\u00fchren. Videospiele, Pizza futtern und wenn keiner hinschaut hier und [...]","protected":false},"author":1,"featured_media":0,"parent":2,"menu_order":0,"comment_status":"closed","ping_status":"closed","template":"","meta":{"_acf_changed":false,"_bbp_topic_count":0,"_bbp_reply_count":0,"_bbp_total_topic_count":0,"_bbp_total_reply_count":0,"_bbp_voice_count":0,"_bbp_anonymous_reply_count":0,"_bbp_topic_count_hidden":0,"_bbp_reply_count_hidden":0,"_bbp_forum_subforum_count":0,"footnotes":""},"class_list":["post-2284","page","type-page","status-publish","hentry"],"acf":[],"_links":{"self":[{"href":"https:\/\/phyrfliez.de\/en\/wp-json\/wp\/v2\/pages\/2284","targetHints":{"allow":["GET"]}}],"collection":[{"href":"https:\/\/phyrfliez.de\/en\/wp-json\/wp\/v2\/pages"}],"about":[{"href":"https:\/\/phyrfliez.de\/en\/wp-json\/wp\/v2\/types\/page"}],"author":[{"embeddable":true,"href":"https:\/\/phyrfliez.de\/en\/wp-json\/wp\/v2\/users\/1"}],"replies":[{"embeddable":true,"href":"https:\/\/phyrfliez.de\/en\/wp-json\/wp\/v2\/comments?post=2284"}],"version-history":[{"count":14,"href":"https:\/\/phyrfliez.de\/en\/wp-json\/wp\/v2\/pages\/2284\/revisions"}],"predecessor-version":[{"id":2749,"href":"https:\/\/phyrfliez.de\/en\/wp-json\/wp\/v2\/pages\/2284\/revisions\/2749"}],"up":[{"embeddable":true,"href":"https:\/\/phyrfliez.de\/en\/wp-json\/wp\/v2\/pages\/2"}],"wp:attachment":[{"href":"https:\/\/phyrfliez.de\/en\/wp-json\/wp\/v2\/media?parent=2284"}],"curies":[{"name":"wp","href":"https:\/\/api.w.org\/{rel}","templated":true}]}}