{"id":2254,"date":"2025-09-14T15:15:52","date_gmt":"2025-09-14T13:15:52","guid":{"rendered":"https:\/\/test.phyrfliez.de\/?page_id=2254"},"modified":"2025-09-18T10:22:06","modified_gmt":"2025-09-18T08:22:06","slug":"yuna","status":"publish","type":"page","link":"https:\/\/phyrfliez.de\/en\/spiele\/dichotomy\/yuna\/","title":{"rendered":"Yuna"},"content":{"rendered":"<div class=\"wpb-content-wrapper\"><div class=\"vc_row wpb_row vc_row-fluid\"><div class=\"wpb_column vc_column_container vc_col-sm-12\"><div class=\"vc_column-inner\"><div class=\"wpb_wrapper\"><h2  class='text-left'> Character Sheet <\/h2><\/div><\/div><\/div><\/div><div class=\"vc_row wpb_row vc_row-fluid\"><div class=\"wpb_column vc_column_container vc_col-sm-6\"><div class=\"vc_column-inner\"><div class=\"wpb_wrapper\">\n\t<div  class=\"wpb_single_image wpb_content_element vc_align_left wpb_content_element\">\n\t\t\n\t\t<figure class=\"wpb_wrapper vc_figure\">\n\t\t\t<div class=\"vc_single_image-wrapper   vc_box_border_grey\"><img decoding=\"async\" class=\"vc_single_image-img\" src=\"https:\/\/phyrfliez.de\/wp-content\/uploads\/2025\/09\/Char_Yuna-334x472.png\" width=\"334\" height=\"472\" alt=\"Char_Yuna\" title=\"Char_Yuna\" loading=\"lazy\" \/><\/div>\n\t\t<\/figure>\n\t<\/div>\n<\/div><\/div><\/div><div class=\"wpb_column vc_column_container vc_col-sm-6\"><div class=\"vc_column-inner\"><div class=\"wpb_wrapper\"><div class=\"vc_empty_space\"   style=\"height: 64px\"><span class=\"vc_empty_space_inner\"><\/span><\/div><div class=\"\" ><p class=\"has-medium-font-size\"><strong>Name:<\/strong> Yuna<br \/>\n<strong>Gender: <\/strong>female<br \/>\n<strong>Age <\/strong>18<br \/>\n<strong>Appearance:<\/strong> about 172 cm tall, black hair, <strong>heterochromia<\/strong> (red\/blue), thin<br \/>\n<strong>Personality:<\/strong> caring, prone to mood swings, vengeful<br \/>\n<strong>Strengths:<\/strong> skilled with firearms, strong intuition<br \/>\n<strong>Weaknesses:<\/strong> can\u2019t hold back her opinions, hot-tempered<br \/>\n<strong>Fears\/Phobias:<\/strong> living in a world without freedom<\/p>\n<p class=\"has-medium-font-size\"><strong>Appears in:<\/strong> <a href=\"\/en\/spiele\/dichotomy\/\">Dichotomy<\/a><\/p>\n<\/div><\/div><\/div><\/div><\/div><div class=\"vc_row wpb_row vc_row-fluid\"><div class=\"wpb_column vc_column_container vc_col-sm-12\"><div class=\"vc_column-inner\"><div class=\"wpb_wrapper\"><div class=\"\" ><p class=\"has-medium-font-size\"><strong>Backstory:<\/strong>\u2013 currently unknown \u2013<\/p>\n<\/div><\/div><\/div><\/div><\/div>\n<\/div>","protected":false},"excerpt":{"rendered":"Charakterbogen Name: Yuna Geschlecht: weiblich Alter: 18 Aussehen: ca. 172 cm, schwarzes Haar, Heterochromie (rot\/blau), schlank Pers\u00f6nlichkeit: f\u00fcrsorglich, h\u00e4ufige Stimmungsschwankungen, rachs\u00fcchtig St\u00e4rken: Umgang mit Schusswaffen, gute Intuition Schw\u00e4chen: kann ihre eigene Meinung nicht zur\u00fcckhalten, aufbrausend \u00c4ngste\/Phobien: das Leben in einer Welt ohne Freiheiten Spielt mit in: Dichotomy Vorgeschichte: \u2013 aktuell noch unbekannt \u2013","protected":false},"author":1,"featured_media":0,"parent":2214,"menu_order":0,"comment_status":"closed","ping_status":"closed","template":"","meta":{"_acf_changed":false,"_bbp_topic_count":0,"_bbp_reply_count":0,"_bbp_total_topic_count":0,"_bbp_total_reply_count":0,"_bbp_voice_count":0,"_bbp_anonymous_reply_count":0,"_bbp_topic_count_hidden":0,"_bbp_reply_count_hidden":0,"_bbp_forum_subforum_count":0,"footnotes":""},"class_list":["post-2254","page","type-page","status-publish","hentry"],"acf":[],"_links":{"self":[{"href":"https:\/\/phyrfliez.de\/en\/wp-json\/wp\/v2\/pages\/2254","targetHints":{"allow":["GET"]}}],"collection":[{"href":"https:\/\/phyrfliez.de\/en\/wp-json\/wp\/v2\/pages"}],"about":[{"href":"https:\/\/phyrfliez.de\/en\/wp-json\/wp\/v2\/types\/page"}],"author":[{"embeddable":true,"href":"https:\/\/phyrfliez.de\/en\/wp-json\/wp\/v2\/users\/1"}],"replies":[{"embeddable":true,"href":"https:\/\/phyrfliez.de\/en\/wp-json\/wp\/v2\/comments?post=2254"}],"version-history":[{"count":5,"href":"https:\/\/phyrfliez.de\/en\/wp-json\/wp\/v2\/pages\/2254\/revisions"}],"predecessor-version":[{"id":2767,"href":"https:\/\/phyrfliez.de\/en\/wp-json\/wp\/v2\/pages\/2254\/revisions\/2767"}],"up":[{"embeddable":true,"href":"https:\/\/phyrfliez.de\/en\/wp-json\/wp\/v2\/pages\/2214"}],"wp:attachment":[{"href":"https:\/\/phyrfliez.de\/en\/wp-json\/wp\/v2\/media?parent=2254"}],"curies":[{"name":"wp","href":"https:\/\/api.w.org\/{rel}","templated":true}]}}