{"id":2252,"date":"2025-09-14T15:15:30","date_gmt":"2025-09-14T13:15:30","guid":{"rendered":"https:\/\/test.phyrfliez.de\/?page_id=2252"},"modified":"2025-09-18T10:21:56","modified_gmt":"2025-09-18T08:21:56","slug":"zoe","status":"publish","type":"page","link":"https:\/\/phyrfliez.de\/en\/spiele\/dichotomy\/zoe\/","title":{"rendered":"Zo\u00e9"},"content":{"rendered":"<div class=\"wpb-content-wrapper\"><div class=\"vc_row wpb_row vc_row-fluid\"><div class=\"wpb_column vc_column_container vc_col-sm-12\"><div class=\"vc_column-inner\"><div class=\"wpb_wrapper\"><h2  class='text-left'> Character Sheet <\/h2><\/div><\/div><\/div><\/div><div class=\"vc_row wpb_row vc_row-fluid\"><div class=\"wpb_column vc_column_container vc_col-sm-6\"><div class=\"vc_column-inner\"><div class=\"wpb_wrapper\">\n\t<div  class=\"wpb_single_image wpb_content_element vc_align_left wpb_content_element\">\n\t\t\n\t\t<figure class=\"wpb_wrapper vc_figure\">\n\t\t\t<div class=\"vc_single_image-wrapper   vc_box_border_grey\"><img decoding=\"async\" class=\"vc_single_image-img\" src=\"https:\/\/phyrfliez.de\/wp-content\/uploads\/2025\/09\/Char_Zoe-334x472.png\" width=\"334\" height=\"472\" alt=\"Char_Zoe\" title=\"Char_Zoe\" loading=\"lazy\" \/><\/div>\n\t\t<\/figure>\n\t<\/div>\n<\/div><\/div><\/div><div class=\"wpb_column vc_column_container vc_col-sm-6\"><div class=\"vc_column-inner\"><div class=\"wpb_wrapper\"><div class=\"vc_empty_space\"   style=\"height: 64px\"><span class=\"vc_empty_space_inner\"><\/span><\/div><div class=\"\" ><p class=\"has-medium-font-size\"><strong>Name:<\/strong> Zo\u00e9<br \/>\n<strong>Gender: <\/strong>female<br \/>\n<strong>Age <\/strong>13<br \/>\n<strong>Appearance:<\/strong> about 170 cm tall, blonde hair, slender build<br \/>\n<strong>Personality:<\/strong> friendly, optimistic, always cheerful<br \/>\n<strong>Strengths:<\/strong> empathy, logical thinking, never loses her composure<br \/>\n<strong>Weaknesses:<\/strong> forgetful, quick to give in<br \/>\n<strong>Fears\/Phobias:<\/strong> that others might harm Victorique<\/p>\n<p class=\"has-medium-font-size\"><strong>Appears in:<\/strong> <a href=\"\/en\/spiele\/dichotomy\/\">Dichotomy<\/a><\/p>\n<\/div><\/div><\/div><\/div><\/div><div class=\"vc_row wpb_row vc_row-fluid\"><div class=\"wpb_column vc_column_container vc_col-sm-12\"><div class=\"vc_column-inner\"><div class=\"wpb_wrapper\"><div class=\"\" ><p class=\"has-medium-font-size\"><strong>Backstory:<\/strong>Zo\u00e9 is a deeply caring person. Ever since a traumatic event in Victorique\u2019s early childhood, she decided never to leave her side again. The two quickly became best friends, and Zo\u00e9 made it her life\u2019s mission to stand by Victorique. In doing so, she never developed big plans for her own future. She simply enjoys each day and takes joy in the little things that bring happiness to the people she loves.<\/p>\n<p class=\"has-medium-font-size\">If Zo\u00e9 were given a choice, she would most likely pursue a career in education, especially to help children who have suffered from misfortune. She has no memories of her own family. For as long as she can remember, she has lived with Victorique and her family, whom she has always considered her own.<\/p>\n<\/div><\/div><\/div><\/div><\/div>\n<\/div>","protected":false},"excerpt":{"rendered":"Charakterbogen Name: Zo\u00e9 Geschlecht: weiblich Alter: 13 Aussehen: ca. 170 cm, blonde Haare, schlank Pers\u00f6nlichkeit: freundlich, optimistisch, immer gut gelaunt St\u00e4rken: Empathie, logisches Denken, verliert nie die Fassung Schw\u00e4chen: Vergesslich, schnell nachgebend \u00c4ngste\/Phobien: dass andere Victorique Schaden wollen Spielt mit in: Dichotomy Vorgeschichte: Zo\u00e9 ist eine \u00e4u\u00dferst f\u00fcrsorgliche Pers\u00f6nlichkeit. Seit einem traumatischen Ereignis in den [...]","protected":false},"author":1,"featured_media":0,"parent":2214,"menu_order":0,"comment_status":"closed","ping_status":"closed","template":"","meta":{"_acf_changed":false,"_bbp_topic_count":0,"_bbp_reply_count":0,"_bbp_total_topic_count":0,"_bbp_total_reply_count":0,"_bbp_voice_count":0,"_bbp_anonymous_reply_count":0,"_bbp_topic_count_hidden":0,"_bbp_reply_count_hidden":0,"_bbp_forum_subforum_count":0,"footnotes":""},"class_list":["post-2252","page","type-page","status-publish","hentry"],"acf":[],"_links":{"self":[{"href":"https:\/\/phyrfliez.de\/en\/wp-json\/wp\/v2\/pages\/2252","targetHints":{"allow":["GET"]}}],"collection":[{"href":"https:\/\/phyrfliez.de\/en\/wp-json\/wp\/v2\/pages"}],"about":[{"href":"https:\/\/phyrfliez.de\/en\/wp-json\/wp\/v2\/types\/page"}],"author":[{"embeddable":true,"href":"https:\/\/phyrfliez.de\/en\/wp-json\/wp\/v2\/users\/1"}],"replies":[{"embeddable":true,"href":"https:\/\/phyrfliez.de\/en\/wp-json\/wp\/v2\/comments?post=2252"}],"version-history":[{"count":6,"href":"https:\/\/phyrfliez.de\/en\/wp-json\/wp\/v2\/pages\/2252\/revisions"}],"predecessor-version":[{"id":2766,"href":"https:\/\/phyrfliez.de\/en\/wp-json\/wp\/v2\/pages\/2252\/revisions\/2766"}],"up":[{"embeddable":true,"href":"https:\/\/phyrfliez.de\/en\/wp-json\/wp\/v2\/pages\/2214"}],"wp:attachment":[{"href":"https:\/\/phyrfliez.de\/en\/wp-json\/wp\/v2\/media?parent=2252"}],"curies":[{"name":"wp","href":"https:\/\/api.w.org\/{rel}","templated":true}]}}