{"id":2249,"date":"2025-09-14T15:15:05","date_gmt":"2025-09-14T13:15:05","guid":{"rendered":"https:\/\/test.phyrfliez.de\/?page_id=2249"},"modified":"2025-09-18T10:08:04","modified_gmt":"2025-09-18T08:08:04","slug":"ellie","status":"publish","type":"page","link":"https:\/\/phyrfliez.de\/en\/spiele\/forgotten-symphony\/ellie\/","title":{"rendered":"Ellie"},"content":{"rendered":"<div class=\"wpb-content-wrapper\"><div class=\"vc_row wpb_row vc_row-fluid\"><div class=\"wpb_column vc_column_container vc_col-sm-12\"><div class=\"vc_column-inner\"><div class=\"wpb_wrapper\"><h2  class='text-left'> Character Sheet <\/h2><\/div><\/div><\/div><\/div><div class=\"vc_row wpb_row vc_row-fluid\"><div class=\"wpb_column vc_column_container vc_col-sm-6\"><div class=\"vc_column-inner\"><div class=\"wpb_wrapper\">\n\t<div  class=\"wpb_single_image wpb_content_element vc_align_left wpb_content_element\">\n\t\t\n\t\t<figure class=\"wpb_wrapper vc_figure\">\n\t\t\t<div class=\"vc_single_image-wrapper   vc_box_border_grey\"><img decoding=\"async\" class=\"vc_single_image-img\" src=\"https:\/\/phyrfliez.de\/wp-content\/uploads\/2025\/09\/Char_Ellie-334x472.png\" width=\"334\" height=\"472\" alt=\"Char_Ellie\" title=\"Char_Ellie\" loading=\"lazy\" \/><\/div>\n\t\t<\/figure>\n\t<\/div>\n<\/div><\/div><\/div><div class=\"wpb_column vc_column_container vc_col-sm-6\"><div class=\"vc_column-inner\"><div class=\"wpb_wrapper\"><div class=\"vc_empty_space\"   style=\"height: 64px\"><span class=\"vc_empty_space_inner\"><\/span><\/div><div class=\"\" ><p class=\"has-medium-font-size\"><strong>Name:<\/strong> Ellie<br \/>\n<strong>Gender: <\/strong>female<br \/>\n<strong>Age <\/strong>15<br \/>\n<strong>Race:<\/strong> human<br \/>\n<strong>Appearance:<\/strong> about 165 cm tall, orange hair, slim<br \/>\n<strong>Personality:<\/strong> strong sense of justice, sarcastic<br \/>\n<strong>Strengths:<\/strong> quick comprehension, IT-savvy, compassionate, musical<br \/>\n<strong>Weaknesses:<\/strong> bonds, trust<br \/>\n<strong>Fears\/Phobias:<\/strong> social phobia, loss<\/p>\n<p class=\"has-medium-font-size\"><strong>Appears in:<\/strong> <a href=\"\/en\/spiele\/forgotten-symphony\/\">Forgotten Symphony<\/a>, <a href=\"\/en\/spiele\/dichotomy\/\">Dichotomy<\/a><\/p>\n<\/div><\/div><\/div><\/div><\/div><div class=\"vc_row wpb_row vc_row-fluid\"><div class=\"wpb_column vc_column_container vc_col-sm-12\"><div class=\"vc_column-inner\"><div class=\"wpb_wrapper\"><div class=\"\" ><p class=\"has-medium-font-size\"><strong>Backstory:<\/strong> Since the age of nine, Ellie has lived on her own, leading a mostly withdrawn life and spending most of her time online. Guided by her strong sense of justice, she has little regard for most people and does her best to avoid them. Still, she is a reliable and empathetic friend to those truly close to her. She stands firmly by her convictions and will push to uphold them at every opportunity\u2014even if it means breaking the law.<\/p>\n<\/div><\/div><\/div><\/div><\/div>\n<\/div>","protected":false},"excerpt":{"rendered":"Charakterbogen Name: Ellie Geschlecht: weiblich Alter: 15 Rasse: Mensch Aussehen: ca. 165 cm, oranges Haar, schlank Pers\u00f6nlichkeit: ausgepr\u00e4gter Gerechtigkeitssinn, sarkastisch St\u00e4rken: hohe Auffassungsgabe, IT-affin, mitf\u00fchlend, musikalisch Schw\u00e4chen: Bindungen, Vertrauen \u00c4ngste\/Phobien: Soziophobie, Verlust Spielt mit in: Forgotten Symphony, Dichotomy Vorgeschichte: Seit ihrem neunten Lebensjahr alleine wohnend, lebt Ellie vorwiegend zur\u00fcckgezogen und verbringt die meiste Zeit im [...]","protected":false},"author":1,"featured_media":0,"parent":2284,"menu_order":0,"comment_status":"closed","ping_status":"closed","template":"","meta":{"_acf_changed":false,"_bbp_topic_count":0,"_bbp_reply_count":0,"_bbp_total_topic_count":0,"_bbp_total_reply_count":0,"_bbp_voice_count":0,"_bbp_anonymous_reply_count":0,"_bbp_topic_count_hidden":0,"_bbp_reply_count_hidden":0,"_bbp_forum_subforum_count":0,"footnotes":""},"class_list":["post-2249","page","type-page","status-publish","hentry"],"acf":[],"_links":{"self":[{"href":"https:\/\/phyrfliez.de\/en\/wp-json\/wp\/v2\/pages\/2249","targetHints":{"allow":["GET"]}}],"collection":[{"href":"https:\/\/phyrfliez.de\/en\/wp-json\/wp\/v2\/pages"}],"about":[{"href":"https:\/\/phyrfliez.de\/en\/wp-json\/wp\/v2\/types\/page"}],"author":[{"embeddable":true,"href":"https:\/\/phyrfliez.de\/en\/wp-json\/wp\/v2\/users\/1"}],"replies":[{"embeddable":true,"href":"https:\/\/phyrfliez.de\/en\/wp-json\/wp\/v2\/comments?post=2249"}],"version-history":[{"count":6,"href":"https:\/\/phyrfliez.de\/en\/wp-json\/wp\/v2\/pages\/2249\/revisions"}],"predecessor-version":[{"id":2752,"href":"https:\/\/phyrfliez.de\/en\/wp-json\/wp\/v2\/pages\/2249\/revisions\/2752"}],"up":[{"embeddable":true,"href":"https:\/\/phyrfliez.de\/en\/wp-json\/wp\/v2\/pages\/2284"}],"wp:attachment":[{"href":"https:\/\/phyrfliez.de\/en\/wp-json\/wp\/v2\/media?parent=2249"}],"curies":[{"name":"wp","href":"https:\/\/api.w.org\/{rel}","templated":true}]}}