{"id":2214,"date":"2025-09-14T14:49:13","date_gmt":"2025-09-14T12:49:13","guid":{"rendered":"https:\/\/test.phyrfliez.de\/?page_id=2214"},"modified":"2025-09-18T10:19:01","modified_gmt":"2025-09-18T08:19:01","slug":"dichotomy","status":"publish","type":"page","link":"https:\/\/phyrfliez.de\/en\/spiele\/dichotomy\/","title":{"rendered":"Dichotomy"},"content":{"rendered":"<div class=\"wpb-content-wrapper\"><div class=\"vc_row wpb_row vc_row-fluid\"><div class=\"wpb_column vc_column_container vc_col-sm-12\"><div class=\"vc_column-inner\"><div class=\"wpb_wrapper\"><div class=\"vc_custom_1757870521702  nk-image-box-1-a\" >\n                    \n                    <img decoding=\"async\" src=\"https:\/\/phyrfliez.de\/wp-content\/uploads\/2025\/09\/Banner_DT.png\" alt=\"\" >\n                    \n                <\/div><div class=\"vc_empty_space\"   style=\"height: 20px\"><span class=\"vc_empty_space_inner\"><\/span><\/div><\/div><\/div><\/div><\/div><div class=\"vc_row wpb_row vc_row-fluid\"><div class=\"wpb_column vc_column_container vc_col-sm-12\"><div class=\"vc_column-inner\"><div class=\"wpb_wrapper\"><h2  class='text-left'>Story:<\/p>\n<p><\/h2><div class=\"\" ><p class=\"is-style-horr-lead has-medium-font-size\">France, 2234. The Human Rescue Organisation strengthens its grip on the country every single day. Most people have long since accepted total surveillance and the computer chips implanted in their heads, even enjoying the comforts they bring. But of course, there must be exceptions. The Fireflies are considered terrorists by the H.R.O. and the government. They sabotage the corporation daily, hack their servers, leak secret documents, and have sworn not to stop until the H.R.O. is completely destroyed.<\/p>\n<p class=\"is-style-horr-lead has-medium-font-size\"><a href=\"\/en\/dichotomy\/victorique\/\">Victorique<\/a> is one of these Fireflies. For as long as she can remember, she has battled delusions and voices that her brain imposes on her as reality. This has driven her further into isolation, forcing her to live increasingly as an outsider. And yet, together with her best friend <a href=\"\/en\/dichotomy\/zoe\/\">Zo\u00e9<\/a> , she continues to work on their greatest plan. Will they be able to save the entire population and purge the H.R.O. from people\u2019s minds? And who is this mysterious <a href=\"\/en\/dichotomy\/yuna\/\">Yuna<\/a>?<\/p>\n<p class=\"is-style-horr-lead has-medium-font-size\">An interactive story about a 13-year-old French girl trapped in the chains of her own world, desperately searching for a way out.<\/p>\n<\/div><div class=\"nk-title-sep text-center\" ><\/div><div class=\"vc_empty_space\"   style=\"height: 20px\"><span class=\"vc_empty_space_inner\"><\/span><\/div><\/div><\/div><\/div><\/div><div class=\"vc_row wpb_row vc_row-fluid\"><div class=\"wpb_column vc_column_container vc_col-sm-12\"><div class=\"vc_column-inner\"><div class=\"wpb_wrapper\"><h2  class='text-left'>Gameplay &amp; Features:<\/p>\n<p><\/h2>\n\t<div class=\"wpb_text_column wpb_content_element\" >\n\t\t<div class=\"wpb_wrapper\">\n\t\t\t<ul class=\"wp-block-list\">\n<li class=\"has-medium-font-size\">a visual novel meets an adventure<\/li>\n<li class=\"has-medium-font-size\">up to four hours of playtime, depending on exploration<\/li>\n<li class=\"has-medium-font-size\">an extensive compendium featuring lore from the Forgotten Symphony universe<\/li>\n<li class=\"has-medium-font-size\">an intense, dark atmosphere supported by a varied soundtrack<\/li>\n<\/ul>\n\n\t\t<\/div>\n\t<\/div>\n<div class=\"nk-title-sep text-center\" ><\/div><div class=\"vc_empty_space\"   style=\"height: 20px\"><span class=\"vc_empty_space_inner\"><\/span><\/div><\/div><\/div><\/div><\/div><div class=\"vc_row wpb_row vc_row-fluid text-center\"><div class=\"wpb_column vc_column_container vc_col-sm-12\"><div class=\"vc_column-inner\"><div class=\"wpb_wrapper\"><h2  class='text-left'>More Links:<\/p>\n<p><\/h2><a href=\"https:\/\/www.youtube.com\/watch?v=yz6oYiRS7yU\" title=\"Official Trailer\" target=\"_blank\"  class=\"nk-btn  nk-btn-color-main-4 link-effect-4 nk-btn-x3 vc_custom_1757857807471\"> <span class=\"icon\"><span class=\"fa fa-solid fa-music\"><\/span><\/span> <span>Official Trailer<\/span><\/a><a href=\"\/en\/spiele\/dichotomy\/patchnotizen\/\" title=\"Patch Notes\"  class=\"nk-btn  nk-btn-color-main-4 link-effect-4 nk-btn-x3 vc_custom_1758183472301\"> <span class=\"icon\"><span class=\"ion-pound\"><\/span><\/span> <span>Patch Notes<\/span><\/a><div class=\"nk-title-sep text-center\" ><\/div><div class=\"vc_empty_space\"   style=\"height: 20px\"><span class=\"vc_empty_space_inner\"><\/span><\/div><\/div><\/div><\/div><\/div><div class=\"vc_row wpb_row vc_row-fluid text-center\"><div class=\"wpb_column vc_column_container vc_col-sm-12\"><div class=\"vc_column-inner\"><div class=\"wpb_wrapper\"><h2  class='text-left'>Available Languages:<\/h2><div class=\"nk-carousel-2 nk-carousel-no-margin nk-carousel-all-visible\" data-arrows=\"true\" data-autoplay=\"3000\" data-dots=\"true\" data-size=\"1\">\n                    <div class=\"nk-carousel-inner\">\n                    <div><div>\n                                    <div class=\"nk-gallery-item\"><img decoding=\"async\" src=\"https:\/\/phyrfliez.de\/wp-content\/uploads\/2025\/09\/Flaggen_DE.png\" alt=\"\" class=\"nk-img-fit\"><\/div>\n                                <\/div><\/div>\n                    <\/div>\n                <\/div><div class=\"nk-title-sep text-center\" ><\/div><div class=\"vc_empty_space\"   style=\"height: 20px\"><span class=\"vc_empty_space_inner\"><\/span><\/div><\/div><\/div><\/div><\/div><div class=\"vc_row wpb_row vc_row-fluid\"><div class=\"wpb_column vc_column_container vc_col-sm-12\"><div class=\"vc_column-inner\"><div class=\"wpb_wrapper\"><h2  class='text-left'>Images:<\/p>\n<p><\/h2><div class=\"nk-popup-gallery nk-popup-gallery-3-col nk-isotope\"><div class=\"nk-gallery-item-box nk-isotope-item\" ><a href=\"https:\/\/phyrfliez.de\/wp-content\/uploads\/2025\/09\/SC_00.png\" class=\"nk-gallery-item\" data-size=\"1280x720\"> <img decoding=\"async\" src=\"https:\/\/phyrfliez.de\/wp-content\/uploads\/2025\/09\/SC_00-800x450.png\" alt=\"\"><\/a><\/div><div class=\"nk-gallery-item-box nk-isotope-item\" ><a href=\"https:\/\/phyrfliez.de\/wp-content\/uploads\/2025\/09\/SC_01.png\" class=\"nk-gallery-item\" data-size=\"1280x720\"> <img decoding=\"async\" src=\"https:\/\/phyrfliez.de\/wp-content\/uploads\/2025\/09\/SC_01-800x450.png\" alt=\"\"><\/a><\/div><div class=\"nk-gallery-item-box nk-isotope-item\" ><a href=\"https:\/\/phyrfliez.de\/wp-content\/uploads\/2025\/09\/SC_02.png\" class=\"nk-gallery-item\" data-size=\"1280x720\"> <img decoding=\"async\" src=\"https:\/\/phyrfliez.de\/wp-content\/uploads\/2025\/09\/SC_02-800x450.png\" alt=\"\"><\/a><\/div><div class=\"nk-gallery-item-box nk-isotope-item\" ><a href=\"https:\/\/phyrfliez.de\/wp-content\/uploads\/2025\/09\/SC_03.png\" class=\"nk-gallery-item\" data-size=\"1280x720\"> <img decoding=\"async\" src=\"https:\/\/phyrfliez.de\/wp-content\/uploads\/2025\/09\/SC_03-800x450.png\" alt=\"\"><\/a><\/div><div class=\"nk-gallery-item-box nk-isotope-item\" ><a href=\"https:\/\/phyrfliez.de\/wp-content\/uploads\/2025\/09\/SC_05.png\" class=\"nk-gallery-item\" data-size=\"1280x720\"> <img decoding=\"async\" src=\"https:\/\/phyrfliez.de\/wp-content\/uploads\/2025\/09\/SC_05-800x450.png\" alt=\"\"><\/a><\/div><div class=\"nk-gallery-item-box nk-isotope-item\" ><a href=\"https:\/\/phyrfliez.de\/wp-content\/uploads\/2025\/09\/SC_06.png\" class=\"nk-gallery-item\" data-size=\"1280x720\"> <img decoding=\"async\" src=\"https:\/\/phyrfliez.de\/wp-content\/uploads\/2025\/09\/SC_06-800x450.png\" alt=\"\"><\/a><\/div><div class=\"nk-gallery-item-box nk-isotope-item\" ><a href=\"https:\/\/phyrfliez.de\/wp-content\/uploads\/2025\/09\/SC_07.png\" class=\"nk-gallery-item\" data-size=\"1280x720\"> <img decoding=\"async\" src=\"https:\/\/phyrfliez.de\/wp-content\/uploads\/2025\/09\/SC_07-800x450.png\" alt=\"\"><\/a><\/div><div class=\"nk-gallery-item-box nk-isotope-item\" ><a href=\"https:\/\/phyrfliez.de\/wp-content\/uploads\/2025\/09\/DT_02.png\" class=\"nk-gallery-item\" data-size=\"1280x720\"> <img decoding=\"async\" src=\"https:\/\/phyrfliez.de\/wp-content\/uploads\/2025\/09\/DT_02-800x450.png\" alt=\"\"><\/a><\/div><div class=\"nk-gallery-item-box nk-isotope-item\" ><a href=\"https:\/\/phyrfliez.de\/wp-content\/uploads\/2025\/09\/DT_03.png\" class=\"nk-gallery-item\" data-size=\"1280x720\"> <img decoding=\"async\" src=\"https:\/\/phyrfliez.de\/wp-content\/uploads\/2025\/09\/DT_03-800x450.png\" alt=\"\"><\/a><\/div><\/div><div class=\"nk-title-sep text-center\" ><\/div><div class=\"vc_empty_space\"   style=\"height: 20px\"><span class=\"vc_empty_space_inner\"><\/span><\/div><\/div><\/div><\/div><\/div><div class=\"vc_row wpb_row vc_row-fluid text-center\"><div class=\"wpb_column vc_column_container vc_col-sm-12\"><div class=\"vc_column-inner\"><div class=\"wpb_wrapper\"><h2  class='text-left'>Soundtrack:<\/h2><a href=\"https:\/\/www.youtube.com\/watch?v=gvnMGEr0W28\" target=\"_blank\"  class=\"nk-btn  nk-btn-color-main-4 link-effect-4 nk-btn-x3 vc_custom_1757857775554\"> <span class=\"icon\"><span class=\"fa fa-solid fa-music\"><\/span><\/span> <span>Krieg und Frieden (Song)<\/span><\/a><a href=\"\/en\/store.steampowered.com\/app\/3280480\/Dichotomy_Soundtrack\/\" target=\"_blank\"  class=\"nk-btn  nk-btn-color-main-4 link-effect-4 nk-btn-x3 vc_custom_1757857785263\"> <span class=\"icon\"><span class=\"fa fa-brands fa-steam\"><\/span><\/span> <span>Steam<\/span><\/a><a href=\"https:\/\/phyrfliez.itch.io\/dichotomy-soundtrack\" target=\"_blank\"  class=\"nk-btn  nk-btn-color-main-4 link-effect-4 nk-btn-x3 vc_custom_1757857791302\"> <span class=\"icon\"><span class=\"ion-android-download\"><\/span><\/span> <span>Itch<\/span><\/a><a href=\"\/games_download\/DT_Soundtrack.zip\"  class=\"nk-btn  nk-btn-color-main-4 link-effect-4 nk-btn-x3 vc_custom_1758183508495\"> <span class=\"icon\"><span class=\"fa fa-solid fa-download\"><\/span><\/span> <span>Direct Link<\/span><\/a><div class=\"nk-title-sep text-center\" ><\/div><div class=\"vc_empty_space\"   style=\"height: 20px\"><span class=\"vc_empty_space_inner\"><\/span><\/div><\/div><\/div><\/div><\/div><div class=\"vc_row wpb_row vc_row-fluid text-center\"><div class=\"wpb_column vc_column_container vc_col-sm-12\"><div class=\"vc_column-inner\"><div class=\"wpb_wrapper\"><h2  class='text-left'>Play for free here:<\/p>\n<p><\/h2><h4  class='text-left'>Download the game\u2026<\/h4><a href=\"https:\/\/store.steampowered.com\/app\/3167730\/Dichotomy\/\" target=\"_blank\"  class=\"nk-btn btn-row nk-btn-color-main-4 link-effect-4 nk-btn-x3 vc_custom_1757857288974\"> <span class=\"icon\"><span class=\"fa fa-brands fa-steam\"><\/span><\/span> <span>Steam<\/span><\/a><a href=\"https:\/\/phyrfliez.itch.io\/dichotomy\"  class=\"nk-btn btn-row nk-btn-color-main-4 link-effect-4 nk-btn-x3 vc_custom_1757857350959\"> <span class=\"icon\"><span class=\"ion-android-download\"><\/span><\/span> <span>Itch<\/span><\/a><a href=\"\/games_download\/DT_AJE_V10.zip\"  download class=\"nk-btn btn-row nk-btn-color-main-4 link-effect-4 nk-btn-x3 vc_custom_1758183540129\"> <span class=\"icon\"><span class=\"fa fa-solid fa-download\"><\/span><\/span> <span>Direct Link (After-Jam-Edition)<\/span><\/a><a href=\"\/games_download\/DT_JE_V101.zip\"  download class=\"nk-btn btn-row nk-btn-color-main-4 link-effect-4 nk-btn-x3 vc_custom_1758183533442\"> <span class=\"icon\"><span class=\"fa fa-solid fa-download\"><\/span><\/span> <span>Direct Link (Jam-Edition)<\/span><\/a><div class=\"vc_empty_space\"   style=\"height: 40px\"><span class=\"vc_empty_space_inner\"><\/span><\/div><h4  class='text-left'>Play directly in your browser\u2026<\/p>\n<p><\/h4><a href=\"\/en\/spiele\/dichotomy\/browserplay-dichotomy-after-jam-edition\/\" title=\"Browserplay \u2013 Dichotomy \u2013 After Jam Edition\"  class=\"nk-btn center-buttons nk-btn-color-main-4 link-effect-4 nk-btn-x3 vc_custom_1758183525308\"> <span class=\"icon\"><span class=\"ion-ios-game-controller-b\"><\/span><\/span> <span>After-Jam-Edition!<\/span><\/a><a href=\"\/en\/spiele\/dichotomy\/browserplay-dichotomy-jam-edition\/\" title=\"Browserplay \u2013 Dichotomy \u2013 Jam Edition\"  class=\"nk-btn center-buttons nk-btn-color-main-4 link-effect-4 nk-btn-x3 vc_custom_1758183517137\"> <span class=\"icon\"><span class=\"ion-ios-game-controller-b\"><\/span><\/span> <span>Jam-Edition!<\/span><\/a><div class=\"nk-title-sep text-center\" ><\/div><div class=\"vc_empty_space\"   style=\"height: 20px\"><span class=\"vc_empty_space_inner\"><\/span><\/div><\/div><\/div><\/div><\/div><div class=\"vc_row wpb_row vc_row-fluid\"><div class=\"wpb_column vc_column_container vc_col-sm-12\"><div class=\"vc_column-inner\"><div class=\"wpb_wrapper\"><div class=\"nk-info-box\" >\n                    <div class=\"nk-info-box-icon\">\n                            <span class=\"ion-checkmark\"><\/span>\n                        <\/div>\n                    \n                    <blockquote class=\"nk-testimonial\" ><div class=\"nk-testimonial-body\"><div class=\"ghostkit-alert-icon\">\n<p>We strongly recommend playing the <em>\u201eAfter-Jam-Edition\u201c.<\/em> The Jam version was created under a very tight time frame for a game jam and will not be further developed. Any bugs found will no longer be fixed, and the original submitted state will remain unchanged.<\/p>\n<\/div>\n<\/div><\/blockquote>\n\n                <\/div><\/div><\/div><\/div><\/div>\n<\/div>","protected":false},"excerpt":{"rendered":"Handlung: Frankreich im Jahr 2234. Die Human Rescue Organisation festigt ihren Einfluss im Land t\u00e4glich. Die meisten Menschen haben sich l\u00e4ngst mit der totalen \u00dcberwachung und den Computerchips in ihren K\u00f6pfen abgefunden. Sie genie\u00dfen die Bequemlichkeiten, die daraus resultieren k\u00f6nnen. Doch das bedeutet auch, dass es Ausnahmen geben muss. Die Gl\u00fchw\u00fcrmchen sind Terroristen in den [...]","protected":false},"author":1,"featured_media":0,"parent":2,"menu_order":0,"comment_status":"closed","ping_status":"closed","template":"","meta":{"_acf_changed":false,"_bbp_topic_count":0,"_bbp_reply_count":0,"_bbp_total_topic_count":0,"_bbp_total_reply_count":0,"_bbp_voice_count":0,"_bbp_anonymous_reply_count":0,"_bbp_topic_count_hidden":0,"_bbp_reply_count_hidden":0,"_bbp_forum_subforum_count":0,"footnotes":""},"class_list":["post-2214","page","type-page","status-publish","hentry"],"acf":[],"_links":{"self":[{"href":"https:\/\/phyrfliez.de\/en\/wp-json\/wp\/v2\/pages\/2214","targetHints":{"allow":["GET"]}}],"collection":[{"href":"https:\/\/phyrfliez.de\/en\/wp-json\/wp\/v2\/pages"}],"about":[{"href":"https:\/\/phyrfliez.de\/en\/wp-json\/wp\/v2\/types\/page"}],"author":[{"embeddable":true,"href":"https:\/\/phyrfliez.de\/en\/wp-json\/wp\/v2\/users\/1"}],"replies":[{"embeddable":true,"href":"https:\/\/phyrfliez.de\/en\/wp-json\/wp\/v2\/comments?post=2214"}],"version-history":[{"count":29,"href":"https:\/\/phyrfliez.de\/en\/wp-json\/wp\/v2\/pages\/2214\/revisions"}],"predecessor-version":[{"id":2764,"href":"https:\/\/phyrfliez.de\/en\/wp-json\/wp\/v2\/pages\/2214\/revisions\/2764"}],"up":[{"embeddable":true,"href":"https:\/\/phyrfliez.de\/en\/wp-json\/wp\/v2\/pages\/2"}],"wp:attachment":[{"href":"https:\/\/phyrfliez.de\/en\/wp-json\/wp\/v2\/media?parent=2214"}],"curies":[{"name":"wp","href":"https:\/\/api.w.org\/{rel}","templated":true}]}}