{"id":2089,"date":"2025-09-13T11:19:35","date_gmt":"2025-09-13T09:19:35","guid":{"rendered":"https:\/\/test.phyrfliez.de\/?page_id=2089"},"modified":"2025-09-18T10:15:30","modified_gmt":"2025-09-18T08:15:30","slug":"zafina","status":"publish","type":"page","link":"https:\/\/phyrfliez.de\/en\/spiele\/cortexit-a\/zafina\/","title":{"rendered":"Zafina"},"content":{"rendered":"<div class=\"wpb-content-wrapper\"><div class=\"vc_row wpb_row vc_row-fluid\"><div class=\"wpb_column vc_column_container vc_col-sm-12\"><div class=\"vc_column-inner\"><div class=\"wpb_wrapper\"><h2  class='text-left'> Character Sheet <\/h2><\/div><\/div><\/div><\/div><div class=\"vc_row wpb_row vc_row-fluid\"><div class=\"wpb_column vc_column_container vc_col-sm-6\"><div class=\"vc_column-inner\"><div class=\"wpb_wrapper\">\n\t<div  class=\"wpb_single_image wpb_content_element vc_align_left wpb_content_element\">\n\t\t\n\t\t<figure class=\"wpb_wrapper vc_figure\">\n\t\t\t<div class=\"vc_single_image-wrapper   vc_box_border_grey\"><img decoding=\"async\" class=\"vc_single_image-img\" src=\"https:\/\/phyrfliez.de\/wp-content\/uploads\/2025\/09\/Char_Zafina-334x472.png\" width=\"334\" height=\"472\" alt=\"Char_Zafina\" title=\"Char_Zafina\" loading=\"lazy\" \/><\/div>\n\t\t<\/figure>\n\t<\/div>\n<\/div><\/div><\/div><div class=\"wpb_column vc_column_container vc_col-sm-6\"><div class=\"vc_column-inner\"><div class=\"wpb_wrapper\"><div class=\"vc_empty_space\"   style=\"height: 64px\"><span class=\"vc_empty_space_inner\"><\/span><\/div><div class=\"\" ><p class=\"has-medium-font-size\"><strong>Name:<\/strong> Zafina<br \/>\n<strong>Gender: <\/strong>female<br \/>\n<strong>Age <\/strong>28<br \/>\n<strong>Appearance:<\/strong> about 166 cm tall, black hair, green eyes<br \/>\n<strong>Personality:<\/strong> confident, courageous, helpful<br \/>\n<strong>Fears\/Phobias:<\/strong> loss, loneliness<br \/>\n<strong>Activities:<\/strong> author<br \/>\n<strong>Hobbies:<\/strong> writing stories, hiking, exploring the world<\/p>\n<p class=\"has-medium-font-size\"><strong>Appears in:<\/strong> <a href=\"\/en\/spiele\/cortexit-a\/\" data-type=\"page\" data-id=\"2426\">Cortexit A<\/a><\/p>\n<\/div><\/div><\/div><\/div><\/div><div class=\"vc_row wpb_row vc_row-fluid\"><div class=\"wpb_column vc_column_container vc_col-sm-12\"><div class=\"vc_column-inner\"><div class=\"wpb_wrapper\"><div class=\"\" ><p class=\"has-medium-font-size\"><strong>Backstory:<\/strong>From an early age, Zafina was filled with an insatiable curiosity. As soon as she could walk, she roamed through the forests, meadows, and streets of her small hometown, always searching for new impressions. Every stone, every rustle in the bushes, every face she encountered became a tiny puzzle piece of a vast, mysterious world. She didn\u2019t just absorb these experiences, she transformed them into words. At first, they were small, imaginative short stories she scribbled secretly into a school notebook. Later, they grew into proper tales that her surroundings eagerly embraced.<\/p>\n<p class=\"has-medium-font-size\">Zafina was a normal yet ambitious student. With diligence and perseverance, she completed her Abitur, always driven by the dream of one day writing books that would touch both children and adults alike. At 19, she married her childhood sweetheart, and just a year later, she became the mother of a wonderful daughter. Her life seemed perfect: harmonious, fulfilled, and full of love. Her stories reflected exactly that: colorful, joyful worlds that captivated children above all. Before long, she made a name for herself as a beloved children\u2019s book author.<\/p>\n<p class=\"has-medium-font-size\">But then, at the age of 25, tragedy struck: her husband died in a car accident. The loss plunged her into deep darkness. Zafina withdrew, packed up her life and her daughter\u2019s, and sought a new beginning in another city. She fought bravely to remain strong for her child, yet the wounds in her heart never healed.<\/p>\n<p class=\"has-medium-font-size\">And these wounds eventually found their way into her art. The bright, cheerful storyteller transformed into an author of shadows. Since the accident, no children\u2019s books have flowed from her pen\u2014only horror stories, filled with oppressive atmospheres, broken souls, and ominous truths. Stories so haunting and suffocating that they never let go of their readers, just like the pain that never lets go of her.<\/p>\n<\/div><\/div><\/div><\/div><\/div>\n<\/div>","protected":false},"excerpt":{"rendered":"Charakterbogen Name: Zafina Geschlecht: weiblich Alter: 28 Aussehen: ca. 166 cm, schwarzes Haar, gr\u00fcne Augen Pers\u00f6nlichkeit: selbstbewusst, mutig, hilfsbereit \u00c4ngste\/Phobien: Verlust, Einsamkeit Aktivit\u00e4ten: Autorin Hobbys: Geschichten schreiben, Wandern, die Welt entdecken Spielt mit in: Cortexit A Vorgeschichte: Schon als Kind war Zafina von einer unstillbaren Neugier erf\u00fcllt. Kaum konnte sie laufen, streifte sie durch W\u00e4lder, [...]","protected":false},"author":1,"featured_media":0,"parent":1672,"menu_order":0,"comment_status":"closed","ping_status":"closed","template":"","meta":{"_acf_changed":false,"_bbp_topic_count":0,"_bbp_reply_count":0,"_bbp_total_topic_count":0,"_bbp_total_reply_count":0,"_bbp_voice_count":0,"_bbp_anonymous_reply_count":0,"_bbp_topic_count_hidden":0,"_bbp_reply_count_hidden":0,"_bbp_forum_subforum_count":0,"footnotes":""},"class_list":["post-2089","page","type-page","status-publish","hentry"],"acf":[],"_links":{"self":[{"href":"https:\/\/phyrfliez.de\/en\/wp-json\/wp\/v2\/pages\/2089","targetHints":{"allow":["GET"]}}],"collection":[{"href":"https:\/\/phyrfliez.de\/en\/wp-json\/wp\/v2\/pages"}],"about":[{"href":"https:\/\/phyrfliez.de\/en\/wp-json\/wp\/v2\/types\/page"}],"author":[{"embeddable":true,"href":"https:\/\/phyrfliez.de\/en\/wp-json\/wp\/v2\/users\/1"}],"replies":[{"embeddable":true,"href":"https:\/\/phyrfliez.de\/en\/wp-json\/wp\/v2\/comments?post=2089"}],"version-history":[{"count":3,"href":"https:\/\/phyrfliez.de\/en\/wp-json\/wp\/v2\/pages\/2089\/revisions"}],"predecessor-version":[{"id":2760,"href":"https:\/\/phyrfliez.de\/en\/wp-json\/wp\/v2\/pages\/2089\/revisions\/2760"}],"up":[{"embeddable":true,"href":"https:\/\/phyrfliez.de\/en\/wp-json\/wp\/v2\/pages\/1672"}],"wp:attachment":[{"href":"https:\/\/phyrfliez.de\/en\/wp-json\/wp\/v2\/media?parent=2089"}],"curies":[{"name":"wp","href":"https:\/\/api.w.org\/{rel}","templated":true}]}}