{"id":1938,"date":"2025-09-13T09:05:08","date_gmt":"2025-09-13T07:05:08","guid":{"rendered":"https:\/\/test.phyrfliez.de\/?page_id=1938"},"modified":"2025-09-18T10:15:47","modified_gmt":"2025-09-18T08:15:47","slug":"liora","status":"publish","type":"page","link":"https:\/\/phyrfliez.de\/en\/spiele\/cortexit-a\/liora\/","title":{"rendered":"Liora"},"content":{"rendered":"<div class=\"wpb-content-wrapper\"><div class=\"vc_row wpb_row vc_row-fluid\"><div class=\"wpb_column vc_column_container vc_col-sm-12\"><div class=\"vc_column-inner\"><div class=\"wpb_wrapper\"><h2  class='text-left'> Character Sheet <\/h2><\/div><\/div><\/div><\/div><div class=\"vc_row wpb_row vc_row-fluid\"><div class=\"wpb_column vc_column_container vc_col-sm-6\"><div class=\"vc_column-inner\"><div class=\"wpb_wrapper\">\n\t<div  class=\"wpb_single_image wpb_content_element vc_align_left wpb_content_element\">\n\t\t\n\t\t<figure class=\"wpb_wrapper vc_figure\">\n\t\t\t<div class=\"vc_single_image-wrapper   vc_box_border_grey\"><img decoding=\"async\" class=\"vc_single_image-img\" src=\"https:\/\/phyrfliez.de\/wp-content\/uploads\/2025\/09\/Char_Liora-334x472.png\" width=\"334\" height=\"472\" alt=\"Char_Liora\" title=\"Char_Liora\" loading=\"lazy\" \/><\/div>\n\t\t<\/figure>\n\t<\/div>\n<\/div><\/div><\/div><div class=\"wpb_column vc_column_container vc_col-sm-6\"><div class=\"vc_column-inner\"><div class=\"wpb_wrapper\"><div class=\"vc_empty_space\"   style=\"height: 64px\"><span class=\"vc_empty_space_inner\"><\/span><\/div><div class=\"\" ><p class=\"has-medium-font-size\"><strong>Name:<\/strong> Liora<br \/><strong>Gender: <\/strong>female<br \/><strong>Age <\/strong>8<br \/><strong>Appearance:<\/strong> about 131 cm tall, black hair, green eyes<br \/><strong>Personality:<\/strong> rather timid, shy<br \/><strong>Fears\/Phobias:<\/strong> ghosts<br \/><strong>Activities:<\/strong> elementary school student<br \/><strong>Hobbies:<\/strong> painting, cycling, exploring nature<\/p>\n<p class=\"has-medium-font-size\"><strong>Appears in:<\/strong> <a href=\"\/en\/spiele\/cortexit-a\/\" data-type=\"page\" data-id=\"2426\">Cortexit A<\/a><\/p>\n<\/div><\/div><\/div><\/div><\/div><div class=\"vc_row wpb_row vc_row-fluid\"><div class=\"wpb_column vc_column_container vc_col-sm-12\"><div class=\"vc_column-inner\"><div class=\"wpb_wrapper\"><div class=\"\" ><p class=\"has-medium-font-size\"><strong>Backstory:<\/strong>For as long as she can remember, Liora has been haunted night after night by dark dreams. In them, a mysterious spirit chases her, holding a glowing red crystal in his hand\u2014a sinister light that always threatens to capture her. Each time he reaches her, Liora jolts awake in panic, her heart racing, her throat dry.<!-- \/wp:post-content --><\/p>\n<p><!-- wp:paragraph {\"fontSize\":\"medium\"} --><\/p>\n<p class=\"has-medium-font-size\">Her mother has taken her to doctors and psychologists, but none could explain the source of these tormenting dreams. Some suspect they may stem from the loss Liora suffered as a child: the sudden death of her father in a car accident when she was only five years old.<!-- \/wp:paragraph --><\/p>\n<p><!-- wp:paragraph {\"fontSize\":\"medium\"} --><\/p>\n<p class=\"has-medium-font-size\">Despite these shadows, Liora leads a perfectly normal life. She lives with her mother in a quiet small town, goes to elementary school, laughs with her friends, and seems on the outside like any other child. But at night, when the world falls silent, the spirit with the red crystal returns and the hunt begins anew.<\/p>\n<p><!-- \/wp:paragraph --><\/p>\n<\/div><\/div><\/div><\/div><\/div><\/div>","protected":false},"excerpt":{"rendered":"Charakterbogen Name: LioraGeschlecht: weiblichAlter: 8Aussehen: ca. 131 cm, schwarzes Haar, gr\u00fcne AugenPers\u00f6nlichkeit: eher \u00e4ngstlich, sch\u00fcchtern\u00c4ngste\/Phobien: GeisterAktivit\u00e4ten: Grundsch\u00fclerinHobbys: Malen, Fahrrad fahren, die Natur entdecken Spielt mit in: Cortexit A Vorgeschichte: Seit sie denken kann, wird Liora Nacht f\u00fcr Nacht von d\u00fcsteren Tr\u00e4umen heimgesucht. In ihnen jagt ein geheimnisvoller Geist hinter ihr her, der in seiner Hand [...]","protected":false},"author":1,"featured_media":0,"parent":1672,"menu_order":0,"comment_status":"closed","ping_status":"closed","template":"","meta":{"_acf_changed":false,"_bbp_topic_count":0,"_bbp_reply_count":0,"_bbp_total_topic_count":0,"_bbp_total_reply_count":0,"_bbp_voice_count":0,"_bbp_anonymous_reply_count":0,"_bbp_topic_count_hidden":0,"_bbp_reply_count_hidden":0,"_bbp_forum_subforum_count":0,"footnotes":""},"class_list":["post-1938","page","type-page","status-publish","hentry"],"acf":[],"_links":{"self":[{"href":"https:\/\/phyrfliez.de\/en\/wp-json\/wp\/v2\/pages\/1938","targetHints":{"allow":["GET"]}}],"collection":[{"href":"https:\/\/phyrfliez.de\/en\/wp-json\/wp\/v2\/pages"}],"about":[{"href":"https:\/\/phyrfliez.de\/en\/wp-json\/wp\/v2\/types\/page"}],"author":[{"embeddable":true,"href":"https:\/\/phyrfliez.de\/en\/wp-json\/wp\/v2\/users\/1"}],"replies":[{"embeddable":true,"href":"https:\/\/phyrfliez.de\/en\/wp-json\/wp\/v2\/comments?post=1938"}],"version-history":[{"count":24,"href":"https:\/\/phyrfliez.de\/en\/wp-json\/wp\/v2\/pages\/1938\/revisions"}],"predecessor-version":[{"id":2761,"href":"https:\/\/phyrfliez.de\/en\/wp-json\/wp\/v2\/pages\/1938\/revisions\/2761"}],"up":[{"embeddable":true,"href":"https:\/\/phyrfliez.de\/en\/wp-json\/wp\/v2\/pages\/1672"}],"wp:attachment":[{"href":"https:\/\/phyrfliez.de\/en\/wp-json\/wp\/v2\/media?parent=1938"}],"curies":[{"name":"wp","href":"https:\/\/api.w.org\/{rel}","templated":true}]}}