{"id":1672,"date":"2025-09-12T11:43:42","date_gmt":"2025-09-12T09:43:42","guid":{"rendered":"https:\/\/test.phyrfliez.de\/?page_id=1672"},"modified":"2025-09-20T21:11:31","modified_gmt":"2025-09-20T19:11:31","slug":"cortexit-a","status":"publish","type":"page","link":"https:\/\/phyrfliez.de\/en\/spiele\/cortexit-a\/","title":{"rendered":"Cortexit A"},"content":{"rendered":"<div class=\"wpb-content-wrapper\"><div class=\"vc_row wpb_row vc_row-fluid\"><div class=\"wpb_column vc_column_container vc_col-sm-12\"><div class=\"vc_column-inner\"><div class=\"wpb_wrapper\"><div class=\"vc_custom_1757870487900  nk-image-box-1-a\" >\n                    \n                    <img decoding=\"async\" src=\"https:\/\/phyrfliez.de\/wp-content\/uploads\/2025\/09\/Banner_CA-1.png\" alt=\"\" >\n                    \n                <\/div><div class=\"vc_empty_space\"   style=\"height: 20px\"><span class=\"vc_empty_space_inner\"><\/span><\/div><\/div><\/div><\/div><\/div><div class=\"vc_row wpb_row vc_row-fluid\"><div class=\"wpb_column vc_column_container vc_col-sm-12\"><div class=\"vc_column-inner\"><div class=\"wpb_wrapper\"><h2  class='text-left'>Story:<\/p>\n<p><\/h2><div class=\"\" ><p class=\"is-style-default ghostkit-paragraph-columns-1 has-medium-font-size\"><a href=\"\/en\/cortexit-a\/liora\/\">Liora<\/a> is haunted by endless nightmares\u2014dreams in which a mysterious spirit with a red crystal pulls her into the shadow world. Every night, <a href=\"\/en\/cortexit-a\/zafina\/\">Zafina<\/a> struggles to calm her daughter. But one day, the nightmare becomes bitter reality: the spirit awakens, and the child vanishes without a trace. Desperate, her mother sets out to rescue her daughter. Yet no matter which path she takes, she always finds herself back at home\u2014trapped in a web of eerie anomalies and supernatural obstacles.<\/p>\n<p class=\"has-medium-font-size\">Can <a href=\"\/en\/cortexit-a\/zafina\/\">Zafina<\/a> defy the sinister forces and free <a href=\"\/en\/cortexit-a\/liora\/\">Liora<\/a> from the spirit\u2019s grasp before it\u2019s too late?<\/p>\n<\/div><div class=\"nk-title-sep text-center\" ><\/div><div class=\"vc_empty_space\"   style=\"height: 20px\"><span class=\"vc_empty_space_inner\"><\/span><\/div><\/div><\/div><\/div><\/div><div class=\"vc_row wpb_row vc_row-fluid\"><div class=\"wpb_column vc_column_container vc_col-sm-12\"><div class=\"vc_column-inner\"><div class=\"wpb_wrapper\"><h2  class='text-left'>Gameplay &amp; Features:<\/p>\n<p><\/h2>\n\t<div class=\"wpb_text_column wpb_content_element\" >\n\t\t<div class=\"wpb_wrapper\">\n\t\t\t<ul class=\"wp-block-list\">\n<li class=\"has-medium-font-size\">around 10\u201320 minutes of playtime<\/li>\n<li class=\"has-medium-font-size\">classic anomaly-style gameplay<\/li>\n<li class=\"has-medium-font-size\">light horror elements<\/li>\n<li class=\"has-medium-font-size\">2D pixel art side-scroller<\/li>\n<li class=\"has-medium-font-size\">variable level progression<\/li>\n<\/ul>\n\n\t\t<\/div>\n\t<\/div>\n<div class=\"nk-title-sep text-center\" ><\/div><div class=\"vc_empty_space\"   style=\"height: 20px\"><span class=\"vc_empty_space_inner\"><\/span><\/div><\/div><\/div><\/div><\/div><div class=\"vc_row wpb_row vc_row-fluid text-center\"><div class=\"wpb_column vc_column_container vc_col-sm-12\"><div class=\"vc_column-inner\"><div class=\"wpb_wrapper\"><h2  class='text-left'>More Links:<\/p>\n<p><\/h2><a href=\"http:\/\/www.youtube.com\/watch?v=cBD_mI7okLg\" target=\"_blank\"  class=\"nk-btn  link-effect-4 nk-btn-x3\"> <span class=\"icon\"><span class=\"ion-music-note\"><\/span><\/span> <span>Official Trailer<\/span><\/a><a href=\"\/en\/spiele\/cortexit-a\/patchnotizen\/\" title=\"Patch Notes\"  class=\"nk-btn  link-effect-4 nk-btn-x3\"> <span class=\"icon\"><span class=\"ion-pound\"><\/span><\/span> <span>Patch Notes<\/span><\/a><div class=\"nk-title-sep text-center\" ><\/div><div class=\"vc_empty_space\"   style=\"height: 20px\"><span class=\"vc_empty_space_inner\"><\/span><\/div><\/div><\/div><\/div><\/div><div class=\"vc_row wpb_row vc_row-fluid text-center\"><div class=\"wpb_column vc_column_container vc_col-sm-12\"><div class=\"vc_column-inner\"><div class=\"wpb_wrapper\"><h2  class='text-left'>Available Languages:<\/h2><div class=\"nk-carousel-2 nk-carousel-no-margin nk-carousel-all-visible\" data-arrows=\"true\" data-autoplay=\"3000\" data-dots=\"true\" data-size=\"1\">\n                    <div class=\"nk-carousel-inner\">\n                    <div><div>\n                                    <div class=\"nk-gallery-item\"><img decoding=\"async\" src=\"https:\/\/phyrfliez.de\/wp-content\/uploads\/2025\/09\/Flaggen_DE.png\" alt=\"\" class=\"nk-img-fit\"><\/div>\n                                <\/div><\/div><div><div>\n                                    <div class=\"nk-gallery-item\"><img decoding=\"async\" src=\"https:\/\/phyrfliez.de\/wp-content\/uploads\/2025\/09\/Flaggen_ENG.png\" alt=\"\" class=\"nk-img-fit\"><\/div>\n                                <\/div><\/div><div><div>\n                                    <div class=\"nk-gallery-item\"><img decoding=\"async\" src=\"https:\/\/phyrfliez.de\/wp-content\/uploads\/2025\/09\/Flaggen_UKR.png\" alt=\"\" class=\"nk-img-fit\"><\/div>\n                                <\/div><\/div>\n                    <\/div>\n                <\/div><div class=\"nk-title-sep text-center\" ><\/div><div class=\"vc_empty_space\"   style=\"height: 20px\"><span class=\"vc_empty_space_inner\"><\/span><\/div><\/div><\/div><\/div><\/div><div class=\"vc_row wpb_row vc_row-fluid\"><div class=\"wpb_column vc_column_container vc_col-sm-12\"><div class=\"vc_column-inner\"><div class=\"wpb_wrapper\"><h2  class='text-left'>Images:<\/p>\n<p><\/h2><div class=\"nk-popup-gallery nk-popup-gallery-3-col nk-isotope\"><div class=\"nk-gallery-item-box nk-isotope-item\" ><a href=\"https:\/\/phyrfliez.de\/wp-content\/uploads\/2025\/09\/CA_07.png\" class=\"nk-gallery-item\" data-size=\"1280x720\"> <img decoding=\"async\" src=\"https:\/\/phyrfliez.de\/wp-content\/uploads\/2025\/09\/CA_07-800x450.png\" alt=\"\"><\/a><\/div><div class=\"nk-gallery-item-box nk-isotope-item\" ><a href=\"https:\/\/phyrfliez.de\/wp-content\/uploads\/2025\/09\/CA_01.png\" class=\"nk-gallery-item\" data-size=\"1280x720\"> <img decoding=\"async\" src=\"https:\/\/phyrfliez.de\/wp-content\/uploads\/2025\/09\/CA_01-800x450.png\" alt=\"\"><\/a><\/div><div class=\"nk-gallery-item-box nk-isotope-item\" ><a href=\"https:\/\/phyrfliez.de\/wp-content\/uploads\/2025\/09\/CA_08.png\" class=\"nk-gallery-item\" data-size=\"1280x720\"> <img decoding=\"async\" src=\"https:\/\/phyrfliez.de\/wp-content\/uploads\/2025\/09\/CA_08-800x450.png\" alt=\"\"><\/a><\/div><div class=\"nk-gallery-item-box nk-isotope-item\" ><a href=\"https:\/\/phyrfliez.de\/wp-content\/uploads\/2025\/09\/CA_03.png\" class=\"nk-gallery-item\" data-size=\"1280x720\"> <img decoding=\"async\" src=\"https:\/\/phyrfliez.de\/wp-content\/uploads\/2025\/09\/CA_03-800x450.png\" alt=\"\"><\/a><\/div><div class=\"nk-gallery-item-box nk-isotope-item\" ><a href=\"https:\/\/phyrfliez.de\/wp-content\/uploads\/2025\/09\/CA_04.png\" class=\"nk-gallery-item\" data-size=\"1280x720\"> <img decoding=\"async\" src=\"https:\/\/phyrfliez.de\/wp-content\/uploads\/2025\/09\/CA_04-800x450.png\" alt=\"\"><\/a><\/div><div class=\"nk-gallery-item-box nk-isotope-item\" ><a href=\"https:\/\/phyrfliez.de\/wp-content\/uploads\/2025\/09\/CA_05.png\" class=\"nk-gallery-item\" data-size=\"1280x720\"> <img decoding=\"async\" src=\"https:\/\/phyrfliez.de\/wp-content\/uploads\/2025\/09\/CA_05-800x450.png\" alt=\"\"><\/a><\/div><div class=\"nk-gallery-item-box nk-isotope-item\" ><a href=\"https:\/\/phyrfliez.de\/wp-content\/uploads\/2025\/09\/CA_09.png\" class=\"nk-gallery-item\" data-size=\"1280x720\"> <img decoding=\"async\" src=\"https:\/\/phyrfliez.de\/wp-content\/uploads\/2025\/09\/CA_09-800x450.png\" alt=\"\"><\/a><\/div><div class=\"nk-gallery-item-box nk-isotope-item\" ><a href=\"https:\/\/phyrfliez.de\/wp-content\/uploads\/2025\/09\/CA_02.png\" class=\"nk-gallery-item\" data-size=\"1280x720\"> <img decoding=\"async\" src=\"https:\/\/phyrfliez.de\/wp-content\/uploads\/2025\/09\/CA_02-800x450.png\" alt=\"\"><\/a><\/div><div class=\"nk-gallery-item-box nk-isotope-item\" ><a href=\"https:\/\/phyrfliez.de\/wp-content\/uploads\/2025\/09\/CA_06.png\" class=\"nk-gallery-item\" data-size=\"1280x720\"> <img decoding=\"async\" src=\"https:\/\/phyrfliez.de\/wp-content\/uploads\/2025\/09\/CA_06-800x450.png\" alt=\"\"><\/a><\/div><\/div><div class=\"nk-title-sep text-center\" ><\/div><div class=\"vc_empty_space\"   style=\"height: 20px\"><span class=\"vc_empty_space_inner\"><\/span><\/div><\/div><\/div><\/div><\/div><div class=\"vc_row wpb_row vc_row-fluid text-center\"><div class=\"wpb_column vc_column_container vc_col-sm-12\"><div class=\"vc_column-inner\"><div class=\"wpb_wrapper\"><h2  class='text-left'>Play for free here:<\/p>\n<p><\/h2><h4  class='text-left'>Download the game\u2026<\/h4><a href=\"http:\/\/phyrfliez.itch.io\/cortexit-a\"  class=\"nk-btn btn-row link-effect-4 nk-btn-x3 vc_custom_1757857402678\"> <span class=\"icon\"><span class=\"ion-android-download\"><\/span><\/span> <span>Itch<\/span><\/a><a href=\"\/games_download\/CA_v101.zip\"  download class=\"nk-btn btn-row link-effect-4 nk-btn-x3 vc_custom_1758393346710\"> <span class=\"icon\"><span class=\"fa fa-solid fa-download\"><\/span><\/span> <span>Direct Link<\/span><\/a><div class=\"vc_empty_space\"   style=\"height: 40px\"><span class=\"vc_empty_space_inner\"><\/span><\/div><h4  class='text-left'>Play directly in your browser\u2026<\/p>\n<p><\/h4><a href=\"\/en\/cortexit-a\/browserplay-cortexit-a\/\" title=\"Browserplay \u2013 Cortexit A\"  class=\"nk-btn center-buttons link-effect-4 nk-btn-x3 vc_custom_1758183088699\"> <span class=\"icon\"><span class=\"ion-ios-game-controller-b\"><\/span><\/span> <span>Click me!<\/span><\/a><div class=\"nk-title-sep text-center\" ><\/div><div class=\"vc_empty_space\"   style=\"height: 20px\"><span class=\"vc_empty_space_inner\"><\/span><\/div><\/div><\/div><\/div><\/div><div class=\"vc_row wpb_row vc_row-fluid\"><div class=\"wpb_column vc_column_container vc_col-sm-12\"><div class=\"vc_column-inner\"><div class=\"wpb_wrapper\"><div class=\"nk-info-box\" >\n                    <div class=\"nk-info-box-icon\">\n                            <span class=\"ion-checkmark\"><\/span>\n                        <\/div>\n                    \n                    <blockquote class=\"nk-testimonial\" ><div class=\"nk-testimonial-body\"><p><em>Cortexit A<\/em> Cortexit A is also playable on the Steam Deck and on Linux. Simply select the Proton version <strong>\u201cExperimental\u201d<\/strong> and make sure the <strong>controller<\/strong> is enabled in the Steam Deck settings.<\/p>\n<\/div><\/blockquote>\n\n                <\/div><\/div><\/div><\/div><\/div>\n<\/div>","protected":false},"excerpt":{"rendered":"Handlung: Liora wird von endlosen Albtr\u00e4umen verfolgt \u2013 Tr\u00e4ume, in denen ein geheimnisvoller Geist mit einem roten Kristall sie in die Schattenwelt zieht. Jede Nacht k\u00e4mpft Zafina darum, ihre Tochter zu beruhigen. Doch eines Tages wird der Albtraum bittere Realit\u00e4t: Der Geist erwacht, und das Kind verschwindet spurlos. Verzweifelt macht sich ihre Mutter auf den [...]","protected":false},"author":1,"featured_media":0,"parent":2,"menu_order":0,"comment_status":"closed","ping_status":"closed","template":"","meta":{"_acf_changed":false,"_bbp_topic_count":0,"_bbp_reply_count":0,"_bbp_total_topic_count":0,"_bbp_total_reply_count":0,"_bbp_voice_count":0,"_bbp_anonymous_reply_count":0,"_bbp_topic_count_hidden":0,"_bbp_reply_count_hidden":0,"_bbp_forum_subforum_count":0,"footnotes":""},"class_list":["post-1672","page","type-page","status-publish","hentry"],"acf":[],"_links":{"self":[{"href":"https:\/\/phyrfliez.de\/en\/wp-json\/wp\/v2\/pages\/1672","targetHints":{"allow":["GET"]}}],"collection":[{"href":"https:\/\/phyrfliez.de\/en\/wp-json\/wp\/v2\/pages"}],"about":[{"href":"https:\/\/phyrfliez.de\/en\/wp-json\/wp\/v2\/types\/page"}],"author":[{"embeddable":true,"href":"https:\/\/phyrfliez.de\/en\/wp-json\/wp\/v2\/users\/1"}],"replies":[{"embeddable":true,"href":"https:\/\/phyrfliez.de\/en\/wp-json\/wp\/v2\/comments?post=1672"}],"version-history":[{"count":136,"href":"https:\/\/phyrfliez.de\/en\/wp-json\/wp\/v2\/pages\/1672\/revisions"}],"predecessor-version":[{"id":2811,"href":"https:\/\/phyrfliez.de\/en\/wp-json\/wp\/v2\/pages\/1672\/revisions\/2811"}],"up":[{"embeddable":true,"href":"https:\/\/phyrfliez.de\/en\/wp-json\/wp\/v2\/pages\/2"}],"wp:attachment":[{"href":"https:\/\/phyrfliez.de\/en\/wp-json\/wp\/v2\/media?parent=1672"}],"curies":[{"name":"wp","href":"https:\/\/api.w.org\/{rel}","templated":true}]}}